{"id":2537,"date":"2024-05-20T09:33:12","date_gmt":"2024-05-20T09:33:12","guid":{"rendered":"https:\/\/careers.evolution.com\/malta\/?page_id=2537"},"modified":"2026-02-17T13:54:32","modified_gmt":"2026-02-17T13:54:32","slug":"alt-du-behover-at-vide-om-at-bo-i-malta-som-dansk-statsborger","status":"publish","type":"page","link":"https:\/\/careers.evolution.com\/malta\/dansk-blog\/alt-du-behover-at-vide-om-at-bo-i-malta-som-dansk-statsborger\/","title":{"rendered":"Alt du beh\u00f8ver at vide om at bo i Malta som dansk statsborger"},"content":{"rendered":"\n<div class=\"wp-block-cover wp-duotone-unset-1\" style=\"padding-top:var(--wp--preset--spacing--xxl);padding-right:var(--wp--preset--spacing--md);padding-bottom:var(--wp--preset--spacing--xxl);padding-left:var(--wp--preset--spacing--md);min-height:329px;aspect-ratio:unset;\"><img loading=\"lazy\" decoding=\"async\" width=\"1024\" height=\"1024\" class=\"wp-block-cover__image-background wp-image-2740 size-large\" alt=\"Malta life\" src=\"https:\/\/careers.evolution.com\/malta\/wp-content\/uploads\/2025\/12\/1x1-Web-photos-2-1-1024x1024.jpg\" style=\"object-position:70% 43%\" data-object-fit=\"cover\" data-object-position=\"70% 43%\" srcset=\"https:\/\/careers.evolution.com\/malta\/wp-content\/uploads\/2025\/12\/1x1-Web-photos-2-1-1024x1024.jpg 1024w, https:\/\/careers.evolution.com\/malta\/wp-content\/uploads\/2025\/12\/1x1-Web-photos-2-1-300x300.jpg 300w, https:\/\/careers.evolution.com\/malta\/wp-content\/uploads\/2025\/12\/1x1-Web-photos-2-1-150x150.jpg 150w, https:\/\/careers.evolution.com\/malta\/wp-content\/uploads\/2025\/12\/1x1-Web-photos-2-1-768x768.jpg 768w, https:\/\/careers.evolution.com\/malta\/wp-content\/uploads\/2025\/12\/1x1-Web-photos-2-1-540x540.jpg 540w, https:\/\/careers.evolution.com\/malta\/wp-content\/uploads\/2025\/12\/1x1-Web-photos-2-1-420x420.jpg 420w, https:\/\/careers.evolution.com\/malta\/wp-content\/uploads\/2025\/12\/1x1-Web-photos-2-1.jpg 1080w\" sizes=\"auto, (max-width: 1024px) 100vw, 1024px\" \/><span aria-hidden=\"true\" class=\"wp-block-cover__background has-ebony-background-color has-background-dim-30 has-background-dim\"><\/span><div class=\"wp-block-cover__inner-container is-layout-flow wp-block-cover-is-layout-flow\">\n<h6 class=\"wp-block-heading has-text-align-right has-white-color has-text-color\" id=\"ecosystem\" style=\"font-size:16px\">Blog | 4 minuts l\u00e6sning<\/h6>\n\n\n<style>.wp-block-kadence-advancedheading.kt-adv-heading2537_b6d1ef-4b, .wp-block-kadence-advancedheading.kt-adv-heading2537_b6d1ef-4b[data-kb-block=\"kb-adv-heading2537_b6d1ef-4b\"]{text-align:center;font-size:var(--global-kb-font-size-xxl, 4rem);font-style:normal;color:#ffffff;}.wp-block-kadence-advancedheading.kt-adv-heading2537_b6d1ef-4b mark.kt-highlight, .wp-block-kadence-advancedheading.kt-adv-heading2537_b6d1ef-4b[data-kb-block=\"kb-adv-heading2537_b6d1ef-4b\"] mark.kt-highlight{font-style:normal;color:#f76a0c;-webkit-box-decoration-break:clone;box-decoration-break:clone;padding-top:0px;padding-right:0px;padding-bottom:0px;padding-left:0px;}.wp-block-kadence-advancedheading.kt-adv-heading2537_b6d1ef-4b img.kb-inline-image, .wp-block-kadence-advancedheading.kt-adv-heading2537_b6d1ef-4b[data-kb-block=\"kb-adv-heading2537_b6d1ef-4b\"] img.kb-inline-image{width:150px;vertical-align:baseline;}@media all and (max-width: 1024px){.wp-block-kadence-advancedheading.kt-adv-heading2537_b6d1ef-4b, .wp-block-kadence-advancedheading.kt-adv-heading2537_b6d1ef-4b[data-kb-block=\"kb-adv-heading2537_b6d1ef-4b\"]{font-size:var(--global-kb-font-size-xxxl, 5rem);}}@media all and (max-width: 767px){.wp-block-kadence-advancedheading.kt-adv-heading2537_b6d1ef-4b, .wp-block-kadence-advancedheading.kt-adv-heading2537_b6d1ef-4b[data-kb-block=\"kb-adv-heading2537_b6d1ef-4b\"]{font-size:var(--global-kb-font-size-xxxl, 5rem);}}<\/style>\n<h1 class=\"kt-adv-heading2537_b6d1ef-4b wp-block-kadence-advancedheading\" data-kb-block=\"kb-adv-heading2537_b6d1ef-4b\"><strong><strong><strong>Alt du beh\u00f8ver at vide om at bo i Malta som dansk statsborger<\/strong><\/strong><\/strong><\/h1>\n\n\n\n<div class=\"wp-block-buttons is-horizontal is-content-justification-right is-layout-flex wp-block-buttons-is-layout-flex\">\n<div class=\"wp-block-button is-style-fill\"><a class=\"wp-block-button__link has-white-color has-vivid-green-cyan-background-color has-text-color has-background has-link-color has-border-color has-white-border-color has-text-align-left has-custom-font-size wp-element-button\" href=\"https:\/\/wa.me\/?text=https:\/\/careers.evolution.com\/malta\/blog-dansk\/alt-du-behover-at-vide-om-at-bo-i-malta-som-dansk-statsborger\/\" style=\"border-width:3px;font-size:13px\">\ud83d\udd17 Share<\/a><\/div>\n<\/div>\n<\/div><\/div>\n\n\n\n<div class=\"wp-block-group alignfull has-white-background-color has-background is-layout-flow wp-block-group-is-layout-flow\" style=\"padding-top:3vw;padding-right:6vw;padding-bottom:0vw;padding-left:6vw\">\n<div class=\"wp-block-group alignwide is-vertical is-nowrap is-layout-flex wp-block-group-is-layout-flex\" style=\"padding-top:0;padding-right:0;padding-bottom:0;padding-left:0\">\n<div class=\"wp-block-columns alignwide is-layout-flex wp-block-columns-is-layout-flex\">\n<div class=\"wp-block-column is-layout-flow wp-block-column-is-layout-flow\" style=\"flex-basis:100%\">\n<p><strong>\ud83d\udfe3<\/strong> <strong>Sundhedsv\u00e6sen: <\/strong> Fordi Malta er en del af EU, er sundhedsv\u00e6senet GRATIS for dansk statsborgere. Du kan ans\u00f8ge om det europ\u00e6iske sygesikringskort for at benytte offentlige sundhedstjenester, f\u00f8r du modtager dit personnummer. Malta har lokale sundhedscentre i hver by p\u00e5 \u00f8en og har et hovedhospital; Mater Dei, beliggende i San Gwann.<\/p>\n\n\n\n<p><strong>\ud83d\udfe3Transport:<\/strong> Busser er gratis, du kan ans\u00f8ge om Malta Public Transport Tallinja-kortet online.. Hvis du har et gyldigt EU-k\u00f8rekort, kan du k\u00f8re i Malta uden at skulle have yderligere tilladelser. Taxaer\/Ubers\/eCabs\/Bolt kan koste op til \u20ac10 afh\u00e6ngigt af, hvor du skal hen.<\/p>\n\n\n\n<p><strong>\ud83d\udfe3<\/strong> <strong>Spisning:<\/strong> At spise ude koster omkring \u20ac30 per person. Der er k\u00f8bmand og lokale supermarkeder over hele \u00f8en, herunder Lidl, Spar, Welbees og Greens.<\/p>\n\n\n\n<p><strong>\ud83d\udfe3<\/strong> <strong>Indkvartering\/lejeomkostninger: <\/strong> Lejeomkostningerne er cirka \u20ac800\/m\u00e5ned i Malta. Lejeomkostningerne er h\u00f8jere i centrale omr\u00e5der som Sliema, St. Julian&#8217;s, Swieqi, Naxxar og Gzira.<\/p>\n\n\n\n<p><strong>\ud83d\udfe3<\/strong> <strong>Maltese Residence Card: <\/strong> Du kan ans\u00f8ge om et Maltese Residence Card online. Hvis du har en permanent adresse\/lejlighed i Malta, vil dette v\u00e6re nyttigt, n\u00e5r du ans\u00f8ger om dit opholdskort.<\/p>\n\n\n\n<p><strong>\ud83d\udfe3<\/strong> <strong>Mobil data\/telefonudgifter: <\/strong> SIM-kort er lette at k\u00f8be i lokale papirhandlere og er ret billige. Epic, GO og Melita er nogle lokale telefonudbydere.<\/p>\n\n\n\n<p><strong>\ud83d\udfe3<\/strong> <strong>Sprog: <\/strong>De fleste maltesiske borgere er tosprogede; du vil kunne klare dig nemt, hvis du kan tale engelsk.<\/p>\n<\/div>\n<\/div>\n<\/div>\n<\/div>\n\n\n<style>.kadence-column2537_5888f6-9a > .kt-inside-inner-col,.kadence-column2537_5888f6-9a > .kt-inside-inner-col:before{border-top-left-radius:0px;border-top-right-radius:0px;border-bottom-right-radius:0px;border-bottom-left-radius:0px;}.kadence-column2537_5888f6-9a > .kt-inside-inner-col{column-gap:var(--global-kb-gap-sm, 1rem);}.kadence-column2537_5888f6-9a > .kt-inside-inner-col{flex-direction:column;}.kadence-column2537_5888f6-9a > .kt-inside-inner-col > .aligncenter{width:100%;}.kadence-column2537_5888f6-9a > .kt-inside-inner-col:before{opacity:0.3;}.kadence-column2537_5888f6-9a{position:relative;}.kadence-column2537_5888f6-9a, .kt-inside-inner-col > .kadence-column2537_5888f6-9a:not(.specificity){margin-top:var(--global-kb-spacing-xl, 4rem);}@media all and (max-width: 1024px){.kadence-column2537_5888f6-9a > .kt-inside-inner-col{flex-direction:column;justify-content:center;}}@media all and (max-width: 767px){.kadence-column2537_5888f6-9a > .kt-inside-inner-col{flex-direction:column;justify-content:center;}}<\/style>\n<div class=\"wp-block-kadence-column kadence-column2537_5888f6-9a kb-section-has-link\"><div class=\"kt-inside-inner-col\">\n<div class=\"wp-block-cover wp-duotone-unset-2\" style=\"border-style:none;border-width:0px;border-top-left-radius:38px;border-top-right-radius:38px;border-bottom-left-radius:38px;border-bottom-right-radius:38px;padding-top:var(--wp--preset--spacing--xxl);padding-right:var(--wp--preset--spacing--xs);padding-bottom:var(--wp--preset--spacing--xxl);padding-left:var(--wp--preset--spacing--xs);min-height:638px;aspect-ratio:unset;\"><img loading=\"lazy\" decoding=\"async\" width=\"1024\" height=\"1024\" class=\"wp-block-cover__image-background wp-image-2899 size-large\" alt=\"\" src=\"https:\/\/careers.evolution.com\/malta\/wp-content\/uploads\/2026\/02\/1x1-Web-photos-6-1024x1024.jpg\" style=\"object-position:44% 46%\" data-object-fit=\"cover\" data-object-position=\"44% 46%\" srcset=\"https:\/\/careers.evolution.com\/malta\/wp-content\/uploads\/2026\/02\/1x1-Web-photos-6-1024x1024.jpg 1024w, https:\/\/careers.evolution.com\/malta\/wp-content\/uploads\/2026\/02\/1x1-Web-photos-6-300x300.jpg 300w, https:\/\/careers.evolution.com\/malta\/wp-content\/uploads\/2026\/02\/1x1-Web-photos-6-150x150.jpg 150w, https:\/\/careers.evolution.com\/malta\/wp-content\/uploads\/2026\/02\/1x1-Web-photos-6-768x768.jpg 768w, https:\/\/careers.evolution.com\/malta\/wp-content\/uploads\/2026\/02\/1x1-Web-photos-6-540x540.jpg 540w, https:\/\/careers.evolution.com\/malta\/wp-content\/uploads\/2026\/02\/1x1-Web-photos-6-420x420.jpg 420w, https:\/\/careers.evolution.com\/malta\/wp-content\/uploads\/2026\/02\/1x1-Web-photos-6.jpg 1080w\" sizes=\"auto, (max-width: 1024px) 100vw, 1024px\"><span aria-hidden=\"true\" class=\"wp-block-cover__background has-ebony-background-color has-background-dim-30 has-background-dim\"><\/span><div class=\"wp-block-cover__inner-container is-layout-flow wp-block-cover-is-layout-flow\">\n<p class=\"has-text-align-center\" style=\"margin-top:86px;margin-bottom:-20px;font-size:55px\"><strong><strong><strong><em>Vi s\u00f8ger<\/em><\/strong><\/strong><\/strong> <\/p>\n\n\n\n<p class=\"has-text-align-center\" style=\"font-size:33px\"><strong><em>dansktalende<\/em><\/strong> <em>Online casino spilv\u00e6rt i Malta<\/em><\/p>\n\n\n\n<div class=\"wp-block-buttons is-horizontal is-content-justification-center is-layout-flex wp-block-buttons-is-layout-flex\">\n<div class=\"wp-block-button is-style-fill\"><a class=\"wp-block-button__link has-white-color has-primary-background-color has-text-color has-background has-link-color has-border-color has-white-border-color has-text-align-center has-custom-font-size wp-element-button\" style=\"border-width:5px;font-size:18px\"><strong>Ans\u00f8g nu!<\/strong><\/a><\/div>\n<\/div>\n<\/div><\/div>\n<\/div><a href=\"https:\/\/careers.evolution.com\/malta\/den-danske-spilvaert\/?utm_source=google&amp;utm_medium=organic&amp;utm_campaign=dk_dnk_danskblog\" class=\"kb-section-link-overlay\"><\/a><\/div>\n","protected":false},"excerpt":{"rendered":"<p>\ud83d\udfe3 Sundhedsv\u00e6sen: Fordi Malta er en del af EU, er sundhedsv\u00e6senet GRATIS for dansk statsborgere. Du kan ans\u00f8ge om det europ\u00e6iske sygesikringskort for at benytte offentlige sundhedstjenester, f\u00f8r du modtager dit personnummer. Malta har lokale sundhedscentre i hver by p\u00e5 \u00f8en og har et hovedhospital; Mater Dei, beliggende i San Gwann. \ud83d\udfe3Transport: Busser er gratis, [&hellip;]<\/p>\n","protected":false},"author":23,"featured_media":0,"parent":3507,"menu_order":0,"comment_status":"closed","ping_status":"closed","template":"","meta":{"_acf_changed":false,"footnotes":""},"class_list":["post-2537","page","type-page","status-publish","hentry"],"acf":[],"_links":{"self":[{"href":"https:\/\/careers.evolution.com\/malta\/wp-json\/wp\/v2\/pages\/2537","targetHints":{"allow":["GET"]}}],"collection":[{"href":"https:\/\/careers.evolution.com\/malta\/wp-json\/wp\/v2\/pages"}],"about":[{"href":"https:\/\/careers.evolution.com\/malta\/wp-json\/wp\/v2\/types\/page"}],"author":[{"embeddable":true,"href":"https:\/\/careers.evolution.com\/malta\/wp-json\/wp\/v2\/users\/23"}],"replies":[{"embeddable":true,"href":"https:\/\/careers.evolution.com\/malta\/wp-json\/wp\/v2\/comments?post=2537"}],"version-history":[{"count":7,"href":"https:\/\/careers.evolution.com\/malta\/wp-json\/wp\/v2\/pages\/2537\/revisions"}],"predecessor-version":[{"id":3769,"href":"https:\/\/careers.evolution.com\/malta\/wp-json\/wp\/v2\/pages\/2537\/revisions\/3769"}],"up":[{"embeddable":true,"href":"https:\/\/careers.evolution.com\/malta\/wp-json\/wp\/v2\/pages\/3507"}],"wp:attachment":[{"href":"https:\/\/careers.evolution.com\/malta\/wp-json\/wp\/v2\/media?parent=2537"}],"curies":[{"name":"wp","href":"https:\/\/api.w.org\/{rel}","templated":true}]}}