{"id":2502,"date":"2024-05-13T08:38:34","date_gmt":"2024-05-13T08:38:34","guid":{"rendered":"https:\/\/careers.evolution.com\/malta\/?page_id=2502"},"modified":"2026-02-17T13:51:07","modified_gmt":"2026-02-17T13:51:07","slug":"7-grunde-til-hvorfor-du-skal-flytte-til-malta","status":"publish","type":"page","link":"https:\/\/careers.evolution.com\/malta\/dansk-blog\/7-grunde-til-hvorfor-du-skal-flytte-til-malta\/","title":{"rendered":"7 Grunde til Hvorfor Du Skal Flytte til Malta"},"content":{"rendered":"\n<div class=\"wp-block-cover wp-duotone-unset-1\" style=\"padding-top:var(--wp--preset--spacing--xxl);padding-right:var(--wp--preset--spacing--md);padding-bottom:var(--wp--preset--spacing--xxl);padding-left:var(--wp--preset--spacing--md);min-height:329px;aspect-ratio:unset;\"><img loading=\"lazy\" decoding=\"async\" width=\"1024\" height=\"1024\" class=\"wp-block-cover__image-background wp-image-2905 size-large\" alt=\"\" src=\"https:\/\/careers.evolution.com\/malta\/wp-content\/uploads\/2026\/02\/1x1-Web-photos-6-1-1024x1024.jpg\" style=\"object-position:64% 12%\" data-object-fit=\"cover\" data-object-position=\"64% 12%\" srcset=\"https:\/\/careers.evolution.com\/malta\/wp-content\/uploads\/2026\/02\/1x1-Web-photos-6-1-1024x1024.jpg 1024w, https:\/\/careers.evolution.com\/malta\/wp-content\/uploads\/2026\/02\/1x1-Web-photos-6-1-300x300.jpg 300w, https:\/\/careers.evolution.com\/malta\/wp-content\/uploads\/2026\/02\/1x1-Web-photos-6-1-150x150.jpg 150w, https:\/\/careers.evolution.com\/malta\/wp-content\/uploads\/2026\/02\/1x1-Web-photos-6-1-768x768.jpg 768w, https:\/\/careers.evolution.com\/malta\/wp-content\/uploads\/2026\/02\/1x1-Web-photos-6-1-540x540.jpg 540w, https:\/\/careers.evolution.com\/malta\/wp-content\/uploads\/2026\/02\/1x1-Web-photos-6-1-420x420.jpg 420w, https:\/\/careers.evolution.com\/malta\/wp-content\/uploads\/2026\/02\/1x1-Web-photos-6-1.jpg 1080w\" sizes=\"auto, (max-width: 1024px) 100vw, 1024px\"><span aria-hidden=\"true\" class=\"wp-block-cover__background has-ebony-background-color has-background-dim-30 has-background-dim\"><\/span><div class=\"wp-block-cover__inner-container is-layout-flow wp-block-cover-is-layout-flow\">\n<h6 class=\"wp-block-heading has-text-align-right has-white-color has-text-color\" id=\"ecosystem\" style=\"font-size:16px\">Blog | 4 minuts l\u00e6sning<\/h6>\n\n\n<style>.wp-block-kadence-advancedheading.kt-adv-heading2502_7168d7-75, .wp-block-kadence-advancedheading.kt-adv-heading2502_7168d7-75[data-kb-block=\"kb-adv-heading2502_7168d7-75\"]{text-align:center;font-size:var(--global-kb-font-size-xxl, 4rem);font-style:normal;color:#ffffff;}.wp-block-kadence-advancedheading.kt-adv-heading2502_7168d7-75 mark.kt-highlight, .wp-block-kadence-advancedheading.kt-adv-heading2502_7168d7-75[data-kb-block=\"kb-adv-heading2502_7168d7-75\"] mark.kt-highlight{font-style:normal;color:#f76a0c;-webkit-box-decoration-break:clone;box-decoration-break:clone;padding-top:0px;padding-right:0px;padding-bottom:0px;padding-left:0px;}.wp-block-kadence-advancedheading.kt-adv-heading2502_7168d7-75 img.kb-inline-image, .wp-block-kadence-advancedheading.kt-adv-heading2502_7168d7-75[data-kb-block=\"kb-adv-heading2502_7168d7-75\"] img.kb-inline-image{width:150px;vertical-align:baseline;}@media all and (max-width: 1024px){.wp-block-kadence-advancedheading.kt-adv-heading2502_7168d7-75, .wp-block-kadence-advancedheading.kt-adv-heading2502_7168d7-75[data-kb-block=\"kb-adv-heading2502_7168d7-75\"]{font-size:var(--global-kb-font-size-xxxl, 5rem);}}@media all and (max-width: 767px){.wp-block-kadence-advancedheading.kt-adv-heading2502_7168d7-75, .wp-block-kadence-advancedheading.kt-adv-heading2502_7168d7-75[data-kb-block=\"kb-adv-heading2502_7168d7-75\"]{font-size:var(--global-kb-font-size-xxxl, 5rem);}}<\/style>\n<h1 class=\"kt-adv-heading2502_7168d7-75 wp-block-kadence-advancedheading\" data-kb-block=\"kb-adv-heading2502_7168d7-75\"><strong><strong><strong>7 Grunde til Hvorfor Du Skal Flytte til Malta<\/strong><\/strong><\/strong><\/h1>\n\n\n\n<div class=\"wp-block-buttons is-horizontal is-content-justification-right is-layout-flex wp-block-buttons-is-layout-flex\">\n<div class=\"wp-block-button is-style-fill\"><a class=\"wp-block-button__link has-white-color has-vivid-green-cyan-background-color has-text-color has-background has-link-color has-border-color has-white-border-color has-text-align-left has-custom-font-size wp-element-button\" href=\"https:\/\/wa.me\/?text=https:\/\/careers.evolution.com\/malta\/7-grunde-til-hvorfor-du-skal-flytte-til-malta\/\" style=\"border-width:3px;font-size:13px\">\ud83d\udd17 Share<\/a><\/div>\n<\/div>\n<\/div><\/div>\n\n\n\n<div class=\"wp-block-group alignfull has-white-background-color has-background is-layout-flow wp-block-group-is-layout-flow\" style=\"padding-top:0vw;padding-right:6vw;padding-bottom:0vw;padding-left:6vw\">\n<div class=\"wp-block-group alignwide is-vertical is-nowrap is-layout-flex wp-block-group-is-layout-flex\" style=\"padding-top:0;padding-right:0;padding-bottom:0;padding-left:0\">\n<div class=\"wp-block-columns alignwide is-layout-flex wp-block-columns-is-layout-flex\">\n<div class=\"wp-block-column is-layout-flow wp-block-column-is-layout-flow\" style=\"flex-basis:100%\">\n<p class=\"has-background\" style=\"border-top-left-radius:12px;border-top-right-radius:12px;border-bottom-left-radius:12px;border-bottom-right-radius:12px;background-color:#cff6ff;margin-top:var(--wp--preset--spacing--md);margin-bottom:var(--wp--preset--spacing--md)\">Skjult i hjertet af Middelhavet ligger Malta som en skjult juvel, der venter p\u00e5 at blive opdaget af dem, der s\u00f8ger en unik og berigende livserfaring. Her er 7 grunde til, hvorfor du skal flytte til Malta:<\/p>\n\n\n<style>.kb-gallery-id-2502_d58ea2-37.kb-gallery-ul.kb-gallery-type-fluidcarousel .kt-blocks-carousel figure .kb-gal-image-radius, .kb-gallery-id-2502_d58ea2-37.kb-gallery-ul.kb-gallery-type-fluidcarousel .kt-blocks-carousel figure .kb-gal-image-radius img{height:300px;}.kb-gallery-id-2502_d58ea2-37 .kadence-blocks-gallery-item .kb-gal-image-radius, .kb-gallery-id-2502_d58ea2-37 .kb-slide-item .kb-gal-image-radius img{border-radius:15px 15px 15px 15px;;}.kb-gallery-wrap-id-2502_d58ea2-37.wp-block-kadence-advancedgallery{overflow:visible;}.kb-gallery-wrap-id-2502_d58ea2-37.wp-block-kadence-advancedgallery .kt-blocks-carousel{overflow:visible;max-width:100%;}<\/style><div class=\"kb-gallery-wrap-id-2502_d58ea2-37 alignnone wp-block-kadence-advancedgallery\"><div class=\"kb-gallery-ul kb-gallery-non-static kb-gallery-type-fluidcarousel kb-gallery-id-2502_d58ea2-37 kb-gallery-caption-style-bottom-hover kb-gallery-filter-none\" data-image-filter=\"none\" data-lightbox-caption=\"true\"><div class=\"kt-blocks-carousel splide kt-carousel-container-dotstyle-dark kt-carousel-arrowstyle-whiteondark kt-carousel-dotstyle-dark kb-slider-group-arrow kb-slider-arrow-position-center\" data-slider-anim-speed=\"400\" data-slider-scroll=\"1\" data-slider-arrows=\"true\" data-slider-dots=\"true\" data-slider-hover-pause=\"false\" data-slider-auto=\"\" data-slider-speed=\"7000\" data-slider-type=\"fluidcarousel\" data-slider-center-mode=\"true\" data-slider-gap=\"10px\" data-slider-gap-tablet=\"10px\" data-slider-gap-mobile=\"10px\" data-show-pause-button=\"false\"><div class=\"splide__track\"><ul class=\"kt-blocks-carousel-init kb-blocks-fluid-carousel splide__list\"><li class=\"kb-slide-item kb-gallery-carousel-item splide__slide\"><div class=\"kadence-blocks-gallery-item\"><div class=\"kadence-blocks-gallery-item-inner\"><figure class=\"kb-gallery-figure kadence-blocks-gallery-item-hide-caption\"><div class=\"kb-gal-image-radius\"><div class=\"kb-gallery-image-contain\" ><img loading=\"lazy\" decoding=\"async\" src=\"https:\/\/careers.evolution.com\/malta\/wp-content\/uploads\/2026\/02\/1x1-Web-photos-2-3-1024x1024.jpg\" width=\"1024\" height=\"1024\" alt=\"\" data-full-image=\"https:\/\/careers.evolution.com\/malta\/wp-content\/uploads\/2026\/02\/1x1-Web-photos-2-3.jpg\" data-light-image=\"https:\/\/careers.evolution.com\/malta\/wp-content\/uploads\/2026\/02\/1x1-Web-photos-2-3.jpg\" data-id=\"2911\" class=\"wp-image-2911 skip-lazy\" srcset=\"https:\/\/careers.evolution.com\/malta\/wp-content\/uploads\/2026\/02\/1x1-Web-photos-2-3-1024x1024.jpg 1024w, https:\/\/careers.evolution.com\/malta\/wp-content\/uploads\/2026\/02\/1x1-Web-photos-2-3-300x300.jpg 300w, https:\/\/careers.evolution.com\/malta\/wp-content\/uploads\/2026\/02\/1x1-Web-photos-2-3-150x150.jpg 150w, https:\/\/careers.evolution.com\/malta\/wp-content\/uploads\/2026\/02\/1x1-Web-photos-2-3-768x768.jpg 768w, https:\/\/careers.evolution.com\/malta\/wp-content\/uploads\/2026\/02\/1x1-Web-photos-2-3-540x540.jpg 540w, https:\/\/careers.evolution.com\/malta\/wp-content\/uploads\/2026\/02\/1x1-Web-photos-2-3-420x420.jpg 420w, https:\/\/careers.evolution.com\/malta\/wp-content\/uploads\/2026\/02\/1x1-Web-photos-2-3.jpg 1080w\" sizes=\"auto, (max-width: 1024px) 100vw, 1024px\"><\/div><\/div><\/figure><\/div><\/div><\/li><li class=\"kb-slide-item kb-gallery-carousel-item splide__slide\"><div class=\"kadence-blocks-gallery-item\"><div class=\"kadence-blocks-gallery-item-inner\"><figure class=\"kb-gallery-figure kadence-blocks-gallery-item-hide-caption\"><div class=\"kb-gal-image-radius\"><div class=\"kb-gallery-image-contain\" ><img loading=\"lazy\" decoding=\"async\" src=\"https:\/\/careers.evolution.com\/malta\/wp-content\/uploads\/2026\/02\/1x1-Web-photos-3-3-1024x1024.jpg\" width=\"1024\" height=\"1024\" alt=\"\" data-full-image=\"https:\/\/careers.evolution.com\/malta\/wp-content\/uploads\/2026\/02\/1x1-Web-photos-3-3.jpg\" data-light-image=\"https:\/\/careers.evolution.com\/malta\/wp-content\/uploads\/2026\/02\/1x1-Web-photos-3-3.jpg\" data-id=\"2912\" class=\"wp-image-2912 skip-lazy\" srcset=\"https:\/\/careers.evolution.com\/malta\/wp-content\/uploads\/2026\/02\/1x1-Web-photos-3-3-1024x1024.jpg 1024w, https:\/\/careers.evolution.com\/malta\/wp-content\/uploads\/2026\/02\/1x1-Web-photos-3-3-300x300.jpg 300w, https:\/\/careers.evolution.com\/malta\/wp-content\/uploads\/2026\/02\/1x1-Web-photos-3-3-150x150.jpg 150w, https:\/\/careers.evolution.com\/malta\/wp-content\/uploads\/2026\/02\/1x1-Web-photos-3-3-768x768.jpg 768w, https:\/\/careers.evolution.com\/malta\/wp-content\/uploads\/2026\/02\/1x1-Web-photos-3-3-540x540.jpg 540w, https:\/\/careers.evolution.com\/malta\/wp-content\/uploads\/2026\/02\/1x1-Web-photos-3-3-420x420.jpg 420w, https:\/\/careers.evolution.com\/malta\/wp-content\/uploads\/2026\/02\/1x1-Web-photos-3-3.jpg 1080w\" sizes=\"auto, (max-width: 1024px) 100vw, 1024px\"><\/div><\/div><\/figure><\/div><\/div><\/li><li class=\"kb-slide-item kb-gallery-carousel-item splide__slide\"><div class=\"kadence-blocks-gallery-item\"><div class=\"kadence-blocks-gallery-item-inner\"><figure class=\"kb-gallery-figure kadence-blocks-gallery-item-hide-caption\"><div class=\"kb-gal-image-radius\"><div class=\"kb-gallery-image-contain\" ><img loading=\"lazy\" decoding=\"async\" src=\"https:\/\/careers.evolution.com\/malta\/wp-content\/uploads\/2026\/02\/1x1-Web-photos-4-3-1024x1024.jpg\" width=\"1024\" height=\"1024\" alt=\"\" data-full-image=\"https:\/\/careers.evolution.com\/malta\/wp-content\/uploads\/2026\/02\/1x1-Web-photos-4-3.jpg\" data-light-image=\"https:\/\/careers.evolution.com\/malta\/wp-content\/uploads\/2026\/02\/1x1-Web-photos-4-3.jpg\" data-id=\"2913\" class=\"wp-image-2913 skip-lazy\" srcset=\"https:\/\/careers.evolution.com\/malta\/wp-content\/uploads\/2026\/02\/1x1-Web-photos-4-3-1024x1024.jpg 1024w, https:\/\/careers.evolution.com\/malta\/wp-content\/uploads\/2026\/02\/1x1-Web-photos-4-3-300x300.jpg 300w, https:\/\/careers.evolution.com\/malta\/wp-content\/uploads\/2026\/02\/1x1-Web-photos-4-3-150x150.jpg 150w, https:\/\/careers.evolution.com\/malta\/wp-content\/uploads\/2026\/02\/1x1-Web-photos-4-3-768x768.jpg 768w, https:\/\/careers.evolution.com\/malta\/wp-content\/uploads\/2026\/02\/1x1-Web-photos-4-3-540x540.jpg 540w, https:\/\/careers.evolution.com\/malta\/wp-content\/uploads\/2026\/02\/1x1-Web-photos-4-3-420x420.jpg 420w, https:\/\/careers.evolution.com\/malta\/wp-content\/uploads\/2026\/02\/1x1-Web-photos-4-3.jpg 1080w\" sizes=\"auto, (max-width: 1024px) 100vw, 1024px\"><\/div><\/div><\/figure><\/div><\/div><\/li><li class=\"kb-slide-item kb-gallery-carousel-item splide__slide\"><div class=\"kadence-blocks-gallery-item\"><div class=\"kadence-blocks-gallery-item-inner\"><figure class=\"kb-gallery-figure kadence-blocks-gallery-item-hide-caption\"><div class=\"kb-gal-image-radius\"><div class=\"kb-gallery-image-contain\" ><img loading=\"lazy\" decoding=\"async\" src=\"https:\/\/careers.evolution.com\/malta\/wp-content\/uploads\/2026\/02\/1x1-Web-photos-5-3-1024x1024.jpg\" width=\"1024\" height=\"1024\" alt=\"\" data-full-image=\"https:\/\/careers.evolution.com\/malta\/wp-content\/uploads\/2026\/02\/1x1-Web-photos-5-3.jpg\" data-light-image=\"https:\/\/careers.evolution.com\/malta\/wp-content\/uploads\/2026\/02\/1x1-Web-photos-5-3.jpg\" data-id=\"2914\" class=\"wp-image-2914 skip-lazy\" srcset=\"https:\/\/careers.evolution.com\/malta\/wp-content\/uploads\/2026\/02\/1x1-Web-photos-5-3-1024x1024.jpg 1024w, https:\/\/careers.evolution.com\/malta\/wp-content\/uploads\/2026\/02\/1x1-Web-photos-5-3-300x300.jpg 300w, https:\/\/careers.evolution.com\/malta\/wp-content\/uploads\/2026\/02\/1x1-Web-photos-5-3-150x150.jpg 150w, https:\/\/careers.evolution.com\/malta\/wp-content\/uploads\/2026\/02\/1x1-Web-photos-5-3-768x768.jpg 768w, https:\/\/careers.evolution.com\/malta\/wp-content\/uploads\/2026\/02\/1x1-Web-photos-5-3-540x540.jpg 540w, https:\/\/careers.evolution.com\/malta\/wp-content\/uploads\/2026\/02\/1x1-Web-photos-5-3-420x420.jpg 420w, https:\/\/careers.evolution.com\/malta\/wp-content\/uploads\/2026\/02\/1x1-Web-photos-5-3.jpg 1080w\" sizes=\"auto, (max-width: 1024px) 100vw, 1024px\"><\/div><\/div><\/figure><\/div><\/div><\/li><li class=\"kb-slide-item kb-gallery-carousel-item splide__slide\"><div class=\"kadence-blocks-gallery-item\"><div class=\"kadence-blocks-gallery-item-inner\"><figure class=\"kb-gallery-figure kadence-blocks-gallery-item-hide-caption\"><div class=\"kb-gal-image-radius\"><div class=\"kb-gallery-image-contain\" ><img loading=\"lazy\" decoding=\"async\" src=\"https:\/\/careers.evolution.com\/malta\/wp-content\/uploads\/2026\/02\/1x1-Web-photos-1-3-1024x1024.jpg\" width=\"1024\" height=\"1024\" alt=\"\" data-full-image=\"https:\/\/careers.evolution.com\/malta\/wp-content\/uploads\/2026\/02\/1x1-Web-photos-1-3.jpg\" data-light-image=\"https:\/\/careers.evolution.com\/malta\/wp-content\/uploads\/2026\/02\/1x1-Web-photos-1-3.jpg\" data-id=\"2910\" class=\"wp-image-2910 skip-lazy\" srcset=\"https:\/\/careers.evolution.com\/malta\/wp-content\/uploads\/2026\/02\/1x1-Web-photos-1-3-1024x1024.jpg 1024w, https:\/\/careers.evolution.com\/malta\/wp-content\/uploads\/2026\/02\/1x1-Web-photos-1-3-300x300.jpg 300w, https:\/\/careers.evolution.com\/malta\/wp-content\/uploads\/2026\/02\/1x1-Web-photos-1-3-150x150.jpg 150w, https:\/\/careers.evolution.com\/malta\/wp-content\/uploads\/2026\/02\/1x1-Web-photos-1-3-768x768.jpg 768w, https:\/\/careers.evolution.com\/malta\/wp-content\/uploads\/2026\/02\/1x1-Web-photos-1-3-540x540.jpg 540w, https:\/\/careers.evolution.com\/malta\/wp-content\/uploads\/2026\/02\/1x1-Web-photos-1-3-420x420.jpg 420w, https:\/\/careers.evolution.com\/malta\/wp-content\/uploads\/2026\/02\/1x1-Web-photos-1-3.jpg 1080w\" sizes=\"auto, (max-width: 1024px) 100vw, 1024px\"><\/div><\/div><\/figure><\/div><\/div><\/li><\/ul><\/div><\/div><\/div><\/div>\n\n\n<p><strong>\ud83d\udfe3<\/strong> <strong>Altid Solrigt:<\/strong> Undg\u00e5 regn og kulde og omfavn solen! Malta har et middelhavsklima og fork\u00e6ler beboere med omkring 300 solskinsdage om \u00e5ret. Sig farvel til gr\u00e5 himmel og goddag til evig sommer. <a href=\"https:\/\/careers.evolution.com\/malta\/dansk-blog\/8-sportslige-aktiviteter\/\">Udover solen \u00e5ret rundt tilbyder Malta et v\u00e6ld af aktiviteter som snorkling, dykning, rappelling, ridning og meget mere<\/a>!<\/p>\n\n\n\n<p><strong>\ud83d\udfe3<\/strong> <strong>Historiske Vidundere om Hver Sinde:<\/strong> Malta er et levende vidnesbyrd om historie med sine UNESCO-verdensarvssteder, gamle templer og f\u00e6stninger, der fort\u00e6ller historier, der g\u00e5r tusinder af \u00e5r tilbage. At bo p\u00e5 Malta betyder at v\u00e6re omgivet af historie, og hver g\u00e5tur bliver en rejse gennem tiden.<\/p>\n\n\n\n<p><strong>\ud83d\udfe3<\/strong> <strong>Som Korsvej for Civilisationer Omfavner Malta Mangfoldighed:<\/strong> Engelsk, maltesisk og italiensk smelter sammen i en harmonisk blanding, hvilket g\u00f8r det til et ideelt rejsem\u00e5l for dem, der \u00f8nsker at dykke ned i et multikulturelt milj\u00f8.<\/p>\n\n\n\n<p><strong>\ud83d\udfe3<\/strong> <strong>Blomstrende Karrieremuligheder: <\/strong>Den maltesiske \u00f8konomi vokser, is\u00e6r inden for sektorer som iGaming, finans og teknologi. Med en lav arbejdsl\u00f8shedsprocent og en stabil voksende arbejdsmarked tilbyder Malta masser af karrieremuligheder for fagfolk, der s\u00f8ger en dynamisk arbejdsplads.<\/p>\n\n\n\n<p><strong>\ud83d\udfe3<\/strong> <strong>\u00d8-liv:<\/strong> Undslip travlheden i bylivet og omfavn den afslappede \u00f8-livsstil. Med sine krystalklare farvande, charmerende landsbyer og et overflod af udend\u00f8rsaktiviteter tilbyder Malta en perfekt balance mellem arbejde og afslapning. Malta er kendt for sit varme vejr, s\u00e5 ingen bekymringer om kulde her!<\/p>\n\n\n\n<p><a href=\"https:\/\/careers.evolution.com\/malta\/dansk-blog\/eventyrlige-steder-pa-malta-perfekte-til-instagram-udforsk-og-tag-billeder\/\">\u2197\ufe0f<\/a> <a href=\"https:\/\/careers.evolution.com\/malta\/dansk-blog\/eventyrlige-steder-pa-malta-perfekte-til-instagram-udforsk-og-tag-billeder\/\">L\u00e6s mere: Eventyrlige steder p\u00e5 Malta perfekte til Instagram: Udforsk og tag billeder<\/a><\/p>\n\n\n\n<p><strong><strong>\ud83d\udfe3<\/strong><\/strong> <strong>Engelsk som Andetsprog:<\/strong> For ikke-engelske modersm\u00e5lstalere er det faktum, at engelsk er et af de officielle sprog p\u00e5 Malta, en betydelig fordel. Det letter nem kommunikation og integration b\u00e5de professionelt og socialt. Hvis dit engelsk ikke er 100%, er der mere end 40 sprogskoler p\u00e5 de maltesiske \u00f8er.<\/p>\n\n\n\n<p><strong>\ud83d\udfe3<\/strong> <strong>Skattefordele:<\/strong> Maltas skattefordele g\u00f8r det til et attraktivt rejsem\u00e5l for expats. Med et gunstigt skattesystem, herunder Global Residence Programme, kan folk, der flytter til Malta, nyde nedsatte skattesatser, hvilket bidrager til \u00f8konomisk velv\u00e6re.<\/p>\n\n\n\n<p><a href=\"https:\/\/careers.evolution.com\/malta\/dansk-blog\/eventyrlige-steder-pa-malta-perfekte-til-instagram-udforsk-og-tag-billeder\/\">\u2197\ufe0f<\/a> <a href=\"https:\/\/careers.evolution.com\/malta\/blog-dansk\/maltas-skatteforhold-hvad-hollandske-expats-bor-vide\/\">L\u00e6s mere: Malta&#8217;s Skatteforhold: Hvad Dansk Expats B\u00f8r Vide<\/a><\/p>\n\n\n\n<p class=\"has-background\" style=\"border-top-left-radius:12px;border-top-right-radius:12px;border-bottom-left-radius:12px;border-bottom-right-radius:12px;background-color:#cff6ff\">Malta er mere end bare en \u00f8; det er en livsstil. Fra det middelhavske klima til det rige historiske t\u00e6ppe, karrieremulighederne til den venlige multikulturelle atmosf\u00e6re, inviterer Malta som et tilflugtssted for dem, der s\u00f8ger forandring. S\u00e5 pak dine kufferter, tr\u00e6d ind i varmen og \u00e5bn d\u00f8ren til dit maltesiske eventyr. Dit nye liv i paradis venter p\u00e5 dig.<\/p>\n<\/div>\n<\/div>\n<\/div>\n<\/div>\n\n\n<style>.kadence-column2502_1c742b-38 > .kt-inside-inner-col,.kadence-column2502_1c742b-38 > .kt-inside-inner-col:before{border-top-left-radius:0px;border-top-right-radius:0px;border-bottom-right-radius:0px;border-bottom-left-radius:0px;}.kadence-column2502_1c742b-38 > .kt-inside-inner-col{column-gap:var(--global-kb-gap-sm, 1rem);}.kadence-column2502_1c742b-38 > .kt-inside-inner-col{flex-direction:column;}.kadence-column2502_1c742b-38 > .kt-inside-inner-col > .aligncenter{width:100%;}.kadence-column2502_1c742b-38 > .kt-inside-inner-col:before{opacity:0.3;}.kadence-column2502_1c742b-38{position:relative;}.kadence-column2502_1c742b-38, .kt-inside-inner-col > .kadence-column2502_1c742b-38:not(.specificity){margin-top:var(--global-kb-spacing-xl, 4rem);}@media all and (max-width: 1024px){.kadence-column2502_1c742b-38 > .kt-inside-inner-col{flex-direction:column;justify-content:center;}}@media all and (max-width: 767px){.kadence-column2502_1c742b-38 > .kt-inside-inner-col{flex-direction:column;justify-content:center;}}<\/style>\n<div class=\"wp-block-kadence-column kadence-column2502_1c742b-38 kb-section-has-link\"><div class=\"kt-inside-inner-col\">\n<div class=\"wp-block-cover wp-duotone-unset-2\" style=\"border-style:none;border-width:0px;border-top-left-radius:38px;border-top-right-radius:38px;border-bottom-left-radius:38px;border-bottom-right-radius:38px;padding-top:var(--wp--preset--spacing--xxl);padding-right:var(--wp--preset--spacing--md);padding-bottom:var(--wp--preset--spacing--xxl);padding-left:var(--wp--preset--spacing--md);min-height:638px;aspect-ratio:unset;\"><img loading=\"lazy\" decoding=\"async\" width=\"1024\" height=\"1024\" class=\"wp-block-cover__image-background wp-image-2899 size-large\" alt=\"\" src=\"https:\/\/careers.evolution.com\/malta\/wp-content\/uploads\/2026\/02\/1x1-Web-photos-6-1024x1024.jpg\" style=\"object-position:44% 46%\" data-object-fit=\"cover\" data-object-position=\"44% 46%\" srcset=\"https:\/\/careers.evolution.com\/malta\/wp-content\/uploads\/2026\/02\/1x1-Web-photos-6-1024x1024.jpg 1024w, https:\/\/careers.evolution.com\/malta\/wp-content\/uploads\/2026\/02\/1x1-Web-photos-6-300x300.jpg 300w, https:\/\/careers.evolution.com\/malta\/wp-content\/uploads\/2026\/02\/1x1-Web-photos-6-150x150.jpg 150w, https:\/\/careers.evolution.com\/malta\/wp-content\/uploads\/2026\/02\/1x1-Web-photos-6-768x768.jpg 768w, https:\/\/careers.evolution.com\/malta\/wp-content\/uploads\/2026\/02\/1x1-Web-photos-6-540x540.jpg 540w, https:\/\/careers.evolution.com\/malta\/wp-content\/uploads\/2026\/02\/1x1-Web-photos-6-420x420.jpg 420w, https:\/\/careers.evolution.com\/malta\/wp-content\/uploads\/2026\/02\/1x1-Web-photos-6.jpg 1080w\" sizes=\"auto, (max-width: 1024px) 100vw, 1024px\"><span aria-hidden=\"true\" class=\"wp-block-cover__background has-ebony-background-color has-background-dim-30 has-background-dim\"><\/span><div class=\"wp-block-cover__inner-container is-layout-flow wp-block-cover-is-layout-flow\">\n<p class=\"has-text-align-center\" style=\"margin-top:86px;margin-bottom:-20px;font-size:55px\"><strong><strong><strong><em>Vi s\u00f8ger<\/em><\/strong><\/strong><\/strong> <\/p>\n\n\n\n<p class=\"has-text-align-center\" style=\"font-size:33px\"><strong><em>dansktalende<\/em><\/strong> <em>Online casino spilv\u00e6rt i Malta<\/em><\/p>\n\n\n\n<div class=\"wp-block-buttons is-horizontal is-content-justification-center is-layout-flex wp-block-buttons-is-layout-flex\">\n<div class=\"wp-block-button is-style-fill\"><a class=\"wp-block-button__link has-white-color has-primary-background-color has-text-color has-background has-link-color has-border-color has-white-border-color has-text-align-center has-custom-font-size wp-element-button\" style=\"border-width:5px;font-size:18px\"><strong>Ans\u00f8g nu!<\/strong><\/a><\/div>\n<\/div>\n<\/div><\/div>\n<\/div><a href=\"https:\/\/careers.evolution.com\/malta\/den-danske-spilvaert\/?utm_source=google&amp;utm_medium=organic&amp;utm_campaign=dk_dnk_danskblog\" class=\"kb-section-link-overlay\"><\/a><\/div>\n","protected":false},"excerpt":{"rendered":"<p>Skjult i hjertet af Middelhavet ligger Malta som en skjult juvel, der venter p\u00e5 at blive opdaget af dem, der s\u00f8ger en unik og berigende livserfaring. Her er 7 grunde til, hvorfor du skal flytte til Malta: \ud83d\udfe3 Altid Solrigt: Undg\u00e5 regn og kulde og omfavn solen! Malta har et middelhavsklima og fork\u00e6ler beboere med [&hellip;]<\/p>\n","protected":false},"author":23,"featured_media":0,"parent":3507,"menu_order":0,"comment_status":"closed","ping_status":"closed","template":"","meta":{"_acf_changed":false,"footnotes":""},"class_list":["post-2502","page","type-page","status-publish","hentry"],"acf":[],"_links":{"self":[{"href":"https:\/\/careers.evolution.com\/malta\/wp-json\/wp\/v2\/pages\/2502","targetHints":{"allow":["GET"]}}],"collection":[{"href":"https:\/\/careers.evolution.com\/malta\/wp-json\/wp\/v2\/pages"}],"about":[{"href":"https:\/\/careers.evolution.com\/malta\/wp-json\/wp\/v2\/types\/page"}],"author":[{"embeddable":true,"href":"https:\/\/careers.evolution.com\/malta\/wp-json\/wp\/v2\/users\/23"}],"replies":[{"embeddable":true,"href":"https:\/\/careers.evolution.com\/malta\/wp-json\/wp\/v2\/comments?post=2502"}],"version-history":[{"count":9,"href":"https:\/\/careers.evolution.com\/malta\/wp-json\/wp\/v2\/pages\/2502\/revisions"}],"predecessor-version":[{"id":3768,"href":"https:\/\/careers.evolution.com\/malta\/wp-json\/wp\/v2\/pages\/2502\/revisions\/3768"}],"up":[{"embeddable":true,"href":"https:\/\/careers.evolution.com\/malta\/wp-json\/wp\/v2\/pages\/3507"}],"wp:attachment":[{"href":"https:\/\/careers.evolution.com\/malta\/wp-json\/wp\/v2\/media?parent=2502"}],"curies":[{"name":"wp","href":"https:\/\/api.w.org\/{rel}","templated":true}]}}