{"id":2474,"date":"2024-05-06T13:38:54","date_gmt":"2024-05-06T13:38:54","guid":{"rendered":"https:\/\/careers.evolution.com\/malta\/?page_id=2474"},"modified":"2026-02-17T13:47:40","modified_gmt":"2026-02-17T13:47:40","slug":"vaesentlige-tips-til-at-bo-i-udlandet","status":"publish","type":"page","link":"https:\/\/careers.evolution.com\/malta\/dansk-blog\/vaesentlige-tips-til-at-bo-i-udlandet\/","title":{"rendered":"V\u00e6sentlige tips til at bo i udlandet"},"content":{"rendered":"\n<div class=\"wp-block-cover wp-duotone-unset-1\" style=\"padding-top:var(--wp--preset--spacing--xxl);padding-right:var(--wp--preset--spacing--md);padding-bottom:var(--wp--preset--spacing--xxl);padding-left:var(--wp--preset--spacing--md);min-height:329px;aspect-ratio:unset;\"><img loading=\"lazy\" decoding=\"async\" width=\"1024\" height=\"1024\" class=\"wp-block-cover__image-background wp-image-2902 size-large\" alt=\"\" src=\"https:\/\/careers.evolution.com\/malta\/wp-content\/uploads\/2026\/02\/1x1-Web-photos-3-2-1024x1024.jpg\" style=\"object-position:68% 61%\" data-object-fit=\"cover\" data-object-position=\"68% 61%\" srcset=\"https:\/\/careers.evolution.com\/malta\/wp-content\/uploads\/2026\/02\/1x1-Web-photos-3-2-1024x1024.jpg 1024w, https:\/\/careers.evolution.com\/malta\/wp-content\/uploads\/2026\/02\/1x1-Web-photos-3-2-300x300.jpg 300w, https:\/\/careers.evolution.com\/malta\/wp-content\/uploads\/2026\/02\/1x1-Web-photos-3-2-150x150.jpg 150w, https:\/\/careers.evolution.com\/malta\/wp-content\/uploads\/2026\/02\/1x1-Web-photos-3-2-768x768.jpg 768w, https:\/\/careers.evolution.com\/malta\/wp-content\/uploads\/2026\/02\/1x1-Web-photos-3-2-540x540.jpg 540w, https:\/\/careers.evolution.com\/malta\/wp-content\/uploads\/2026\/02\/1x1-Web-photos-3-2-420x420.jpg 420w, https:\/\/careers.evolution.com\/malta\/wp-content\/uploads\/2026\/02\/1x1-Web-photos-3-2.jpg 1080w\" sizes=\"auto, (max-width: 1024px) 100vw, 1024px\"><span aria-hidden=\"true\" class=\"wp-block-cover__background has-ebony-background-color has-background-dim-30 has-background-dim\"><\/span><div class=\"wp-block-cover__inner-container is-layout-flow wp-block-cover-is-layout-flow\">\n<h6 class=\"wp-block-heading has-text-align-right has-white-color has-text-color\" id=\"ecosystem\" style=\"font-size:16px\">Blog | 6 minuts l\u00e6sning<\/h6>\n\n\n<style>.wp-block-kadence-advancedheading.kt-adv-heading2474_f7bdab-b5, .wp-block-kadence-advancedheading.kt-adv-heading2474_f7bdab-b5[data-kb-block=\"kb-adv-heading2474_f7bdab-b5\"]{text-align:center;font-size:var(--global-kb-font-size-xxl, 4rem);font-style:normal;color:#ffffff;}.wp-block-kadence-advancedheading.kt-adv-heading2474_f7bdab-b5 mark.kt-highlight, .wp-block-kadence-advancedheading.kt-adv-heading2474_f7bdab-b5[data-kb-block=\"kb-adv-heading2474_f7bdab-b5\"] mark.kt-highlight{font-style:normal;color:#f76a0c;-webkit-box-decoration-break:clone;box-decoration-break:clone;padding-top:0px;padding-right:0px;padding-bottom:0px;padding-left:0px;}.wp-block-kadence-advancedheading.kt-adv-heading2474_f7bdab-b5 img.kb-inline-image, .wp-block-kadence-advancedheading.kt-adv-heading2474_f7bdab-b5[data-kb-block=\"kb-adv-heading2474_f7bdab-b5\"] img.kb-inline-image{width:150px;vertical-align:baseline;}@media all and (max-width: 1024px){.wp-block-kadence-advancedheading.kt-adv-heading2474_f7bdab-b5, .wp-block-kadence-advancedheading.kt-adv-heading2474_f7bdab-b5[data-kb-block=\"kb-adv-heading2474_f7bdab-b5\"]{font-size:var(--global-kb-font-size-xxxl, 5rem);}}@media all and (max-width: 767px){.wp-block-kadence-advancedheading.kt-adv-heading2474_f7bdab-b5, .wp-block-kadence-advancedheading.kt-adv-heading2474_f7bdab-b5[data-kb-block=\"kb-adv-heading2474_f7bdab-b5\"]{font-size:var(--global-kb-font-size-xxxl, 5rem);}}<\/style>\n<h1 class=\"kt-adv-heading2474_f7bdab-b5 wp-block-kadence-advancedheading\" data-kb-block=\"kb-adv-heading2474_f7bdab-b5\"><strong><strong><strong>V\u00e6sentlige tips til at bo i udlandet<\/strong><\/strong><\/strong><\/h1>\n\n\n\n<div class=\"wp-block-buttons is-horizontal is-content-justification-right is-layout-flex wp-block-buttons-is-layout-flex\">\n<div class=\"wp-block-button is-style-fill\"><a class=\"wp-block-button__link has-white-color has-vivid-green-cyan-background-color has-text-color has-background has-link-color has-border-color has-white-border-color has-text-align-left has-custom-font-size wp-element-button\" href=\"https:\/\/wa.me\/?text=https:\/\/careers.evolution.com\/malta\/blog-dansk\/2474-2\/\" style=\"border-width:3px;font-size:13px\">\ud83d\udd17 Share<\/a><\/div>\n<\/div>\n<\/div><\/div>\n\n\n\n<div class=\"wp-block-group alignfull has-white-background-color has-background is-layout-flow wp-block-group-is-layout-flow\" style=\"padding-top:0vw;padding-right:6vw;padding-bottom:0vw;padding-left:6vw\">\n<div class=\"wp-block-group alignwide is-vertical is-nowrap is-layout-flex wp-block-group-is-layout-flex\" style=\"padding-top:0;padding-right:0;padding-bottom:0;padding-left:0\">\n<div class=\"wp-block-columns alignwide is-layout-flex wp-block-columns-is-layout-flex\">\n<div class=\"wp-block-column is-layout-flow wp-block-column-is-layout-flow\" style=\"flex-basis:100%\">\n<p class=\"has-background\" style=\"border-top-left-radius:12px;border-top-right-radius:12px;border-bottom-left-radius:12px;border-bottom-right-radius:12px;background-color:#b5f3ff;margin-top:var(--wp--preset--spacing--sm);margin-bottom:var(--wp--preset--spacing--sm)\">At arbejde i udlandet kan v\u00e6re en sp\u00e6ndende og bel\u00f8nnende oplevelse, der giver dig mulighed for at fordype dig i en ny kultur, udvikle v\u00e6rdifulde f\u00e6rdigheder og udvide dine professionelle horisonter. Dog kr\u00e6ver udfordringerne ved at arbejde i et fremmed land omhyggelig planl\u00e6gning og forberedelse. Uanset om du overvejer en kortvarig opgave eller en langvarig karriere\u00e6ndring i udlandet, er her nogle v\u00e6sentlige tips til at f\u00e5 mest muligt ud af din internationale arbejdserfaring.<\/p>\n\n\n\n<p><strong>\ud83d\udfe3<\/strong> <strong>Research dit rejsem\u00e5l:<\/strong><\/p>\n\n\n\n<p>Inden du forpligter dig, s\u00e5 forsk nje dit m\u00e5lland. L\u00e6r om dets kultur, skikke, sprog og forretningspraksis. At forst\u00e5 den lokale atmosf\u00e6re vil hj\u00e6lpe dig med at tilpasse dig hurtigere og undg\u00e5 kulturelle misforst\u00e5elser.<\/p>\n\n\n\n<p><a href=\"https:\/\/careers.evolution.com\/malta\/dansk-blog\/eventyrlige-steder-pa-malta-perfekte-til-instagram-udforsk-og-tag-billeder\/\">\u2197\ufe0f<\/a> <a href=\"https:\/\/careers.evolution.com\/malta\/dansk-blog\/alt-du-behover-at-vide-om-at-bo-i-malta-som-dansk-statsborger\/\">L\u00e6s mere: Alt du beh\u00f8ver at vide om at bo i Malta som dansk statsborger<\/a><\/p>\n\n\n\n<p><strong><strong>\ud83d\udfe3<\/strong><\/strong> <strong>Juridiske og visumkrav:<\/strong><\/p>\n\n\n\n<p>S\u00f8rg for, at du har de n\u00f8dvendige juridiske dokumenter og visa for at arbejde i dit m\u00e5lland. Immigrationslovene varierer meget, s\u00e5 det er afg\u00f8rende at opfylde kravene for at undg\u00e5 juridiske problemer. Start visumans\u00f8gningsprocessen i god tid, da den kan v\u00e6re tidskr\u00e6vende.<\/p>\n\n\n\n<p><a href=\"https:\/\/careers.evolution.com\/malta\/dansk-blog\/eventyrlige-steder-pa-malta-perfekte-til-instagram-udforsk-og-tag-billeder\/\">\u2197\ufe0f<\/a> <a href=\"https:\/\/careers.evolution.com\/malta\/blog-dansk\/maltas-skatteforhold-hvad-hollandske-expats-bor-vide\/\">L\u00e6s mere: Malta&#8217;s Skatteforhold: Hvad Dansk Expats B\u00f8r Vide<\/a><\/p>\n\n\n\n<p><strong><strong>\ud83d\udfe3<\/strong><\/strong> <strong>Sprogkundskaber:<\/strong><\/p>\n\n\n\n<p>Invester tid i at l\u00e6re det lokale sprog, selvom engelsk er udbredt. Evnen til at kommunikere effektivt p\u00e5 det lokale sprog forbedrer ikke kun dine professionelle muligheder, men letter ogs\u00e5 daglige interaktioner og hj\u00e6lper dig med at integrere dig i det lokale samfund.<\/p>\n\n\n\n<p><strong><strong>\ud83d\udfe3<\/strong><\/strong> <strong>Kulturel sensitivitet:<\/strong><\/p>\n\n\n\n<p>Respekter og tilpas dig de kulturelle normer og etiketter i dit v\u00e6rtsland. V\u00e6r \u00e5ben, opm\u00e6rksom og villig til at l\u00e6re af de lokale. At forst\u00e5 kulturelle nuancer vil hj\u00e6lpe dig med at opbygge bedre relationer til kolleger og kunder og undg\u00e5 utilsigtede forn\u00e6rmelser.<\/p>\n\n\n\n<p><strong>\ud83d\udfe3<\/strong> <strong>Omfavne fleksibilitet:<\/strong><\/p>\n\n\n\n<p>At arbejde i udlandet indeb\u00e6rer ofte uventede udfordringer og \u00e6ndringer. Omfavne fleksibilitet og tilpasningsevne i din arbejdsstil og forventninger. V\u00e6r klar til at justere dine planer, arbejdstider og tilgange for at im\u00f8dekomme kulturelle forskelle og uforudsete omst\u00e6ndigheder.<\/p>\n\n\n\n<p><strong><strong>\ud83d\udfe3<\/strong><\/strong> <strong>\u00d8konomisk planl\u00e6gning:<\/strong><\/p>\n\n\n\n<p>Forsk livsomkostningerne i dit m\u00e5lland og lav en budgetplan for at styre dine finanser effektivt. Overvej faktorer som skatter, sundhedspleje, bolig og transportomkostninger. Bliv ogs\u00e5 fortrolig med lokale bank-systemer og valutavekslingsprocesser.<\/p>\n\n\n\n<p><strong>\ud83d\udfe3<\/strong> <strong>Sundhedspleje og forsikring:<\/strong><\/p>\n\n\n\n<p>Udforsk sundhedspleje muligheder i dit v\u00e6rtsland og s\u00f8rg for at du er tilstr\u00e6kkeligt forsikret. Bliv fortrolig med det lokale sundhedssystem, inklusive adgang til l\u00e6ger, hospitaler og akutte tjenester. Medbring n\u00f8dvendig medicin og vaccinationer til dit ophold i udlandet.<\/p>\n\n\n\n<p><strong>\ud83d\udfe3<\/strong> <strong>Hold kontakten med hjemmet:<\/strong><\/p>\n\n\n\n<p>Oprethold regelm\u00e6ssig kontakt med familie og venner derhjemme. Teknologien g\u00f8r det lettere end nogensinde at holde forbindelsen gennem videokald, besked-apps og sociale medier. Et st\u00f8ttesystem kan hj\u00e6lpe dig med at h\u00e5ndtere hjemve og kulturchok.<\/p>\n\n\n\n<p><strong>\ud83d\udfe3<\/strong> <strong>Kulturel indlevelse:<\/strong><\/p>\n\n\n\n<p>Brug din tid i udlandet til at fordype dig i den lokale kultur. Udforsk historiske steder, pr\u00f8v nye k\u00f8kkener, deltag i kulturelle arrangementer og opbyg venskaber med lokalbefolkningen. At omfavne den kulturelle mangfoldighed i dit v\u00e6rtsland vil berige din samlede oplevelse.<\/p>\n<\/div>\n<\/div>\n<\/div>\n<\/div>\n\n\n<style>.kadence-column2474_06c259-b5 > .kt-inside-inner-col,.kadence-column2474_06c259-b5 > .kt-inside-inner-col:before{border-top-left-radius:0px;border-top-right-radius:0px;border-bottom-right-radius:0px;border-bottom-left-radius:0px;}.kadence-column2474_06c259-b5 > .kt-inside-inner-col{column-gap:var(--global-kb-gap-sm, 1rem);}.kadence-column2474_06c259-b5 > .kt-inside-inner-col{flex-direction:column;}.kadence-column2474_06c259-b5 > .kt-inside-inner-col > .aligncenter{width:100%;}.kadence-column2474_06c259-b5 > .kt-inside-inner-col:before{opacity:0.3;}.kadence-column2474_06c259-b5{position:relative;}@media all and (max-width: 1024px){.kadence-column2474_06c259-b5 > .kt-inside-inner-col{flex-direction:column;justify-content:center;}}@media all and (max-width: 767px){.kadence-column2474_06c259-b5 > .kt-inside-inner-col{flex-direction:column;justify-content:center;}}<\/style>\n<div class=\"wp-block-kadence-column kadence-column2474_06c259-b5\"><div class=\"kt-inside-inner-col\"><style>.kadence-column2474_842fdd-2f > .kt-inside-inner-col,.kadence-column2474_842fdd-2f > .kt-inside-inner-col:before{border-top-left-radius:0px;border-top-right-radius:0px;border-bottom-right-radius:0px;border-bottom-left-radius:0px;}.kadence-column2474_842fdd-2f > .kt-inside-inner-col{column-gap:var(--global-kb-gap-sm, 1rem);}.kadence-column2474_842fdd-2f > .kt-inside-inner-col{flex-direction:column;}.kadence-column2474_842fdd-2f > .kt-inside-inner-col > .aligncenter{width:100%;}.kadence-column2474_842fdd-2f > .kt-inside-inner-col:before{opacity:0.3;}.kadence-column2474_842fdd-2f{position:relative;}.kadence-column2474_842fdd-2f, .kt-inside-inner-col > .kadence-column2474_842fdd-2f:not(.specificity){margin-top:var(--global-kb-spacing-lg, 3rem);}@media all and (max-width: 1024px){.kadence-column2474_842fdd-2f > .kt-inside-inner-col{flex-direction:column;justify-content:center;}}@media all and (max-width: 767px){.kadence-column2474_842fdd-2f > .kt-inside-inner-col{flex-direction:column;justify-content:center;}}<\/style>\n<div class=\"wp-block-kadence-column kadence-column2474_842fdd-2f kb-section-has-link\" id=\"apply\"><div class=\"kt-inside-inner-col\">\n<div class=\"wp-block-cover wp-duotone-unset-2\" style=\"border-style:none;border-width:0px;border-top-left-radius:38px;border-top-right-radius:38px;border-bottom-left-radius:38px;border-bottom-right-radius:38px;padding-top:var(--wp--preset--spacing--xxl);padding-right:var(--wp--preset--spacing--md);padding-bottom:var(--wp--preset--spacing--xxl);padding-left:var(--wp--preset--spacing--md);min-height:638px;aspect-ratio:unset;\"><img loading=\"lazy\" decoding=\"async\" width=\"1024\" height=\"1024\" class=\"wp-block-cover__image-background wp-image-2899 size-large\" alt=\"\" src=\"https:\/\/careers.evolution.com\/malta\/wp-content\/uploads\/2026\/02\/1x1-Web-photos-6-1024x1024.jpg\" style=\"object-position:44% 46%\" data-object-fit=\"cover\" data-object-position=\"44% 46%\" srcset=\"https:\/\/careers.evolution.com\/malta\/wp-content\/uploads\/2026\/02\/1x1-Web-photos-6-1024x1024.jpg 1024w, https:\/\/careers.evolution.com\/malta\/wp-content\/uploads\/2026\/02\/1x1-Web-photos-6-300x300.jpg 300w, https:\/\/careers.evolution.com\/malta\/wp-content\/uploads\/2026\/02\/1x1-Web-photos-6-150x150.jpg 150w, https:\/\/careers.evolution.com\/malta\/wp-content\/uploads\/2026\/02\/1x1-Web-photos-6-768x768.jpg 768w, https:\/\/careers.evolution.com\/malta\/wp-content\/uploads\/2026\/02\/1x1-Web-photos-6-540x540.jpg 540w, https:\/\/careers.evolution.com\/malta\/wp-content\/uploads\/2026\/02\/1x1-Web-photos-6-420x420.jpg 420w, https:\/\/careers.evolution.com\/malta\/wp-content\/uploads\/2026\/02\/1x1-Web-photos-6.jpg 1080w\" sizes=\"auto, (max-width: 1024px) 100vw, 1024px\"><span aria-hidden=\"true\" class=\"wp-block-cover__background has-ebony-background-color has-background-dim-30 has-background-dim\"><\/span><div class=\"wp-block-cover__inner-container is-layout-flow wp-block-cover-is-layout-flow\">\n<p class=\"has-text-align-center\" style=\"margin-top:86px;margin-bottom:-20px;font-size:55px\"><strong><strong><strong><em>Vi s\u00f8ger<\/em><\/strong><\/strong><\/strong> <\/p>\n\n\n\n<p class=\"has-text-align-center\" style=\"font-size:33px\"><strong><em>dansktalende<\/em><\/strong> <em>Online casino spilv\u00e6rt i Malta<\/em><\/p>\n\n\n\n<div class=\"wp-block-buttons is-horizontal is-content-justification-center is-layout-flex wp-block-buttons-is-layout-flex\">\n<div class=\"wp-block-button is-style-fill\"><a class=\"wp-block-button__link has-white-color has-primary-background-color has-text-color has-background has-link-color has-border-color has-white-border-color has-text-align-center has-custom-font-size wp-element-button\" style=\"border-width:5px;font-size:18px\"><strong>Ans\u00f8g nu!<\/strong><\/a><\/div>\n<\/div>\n<\/div><\/div>\n<\/div><a href=\"https:\/\/careers.evolution.com\/malta\/den-danske-spilvaert\/?utm_source=google&amp;utm_medium=organic&amp;utm_campaign=dk_dnk_danskblog\" class=\"kb-section-link-overlay\"><\/a><\/div>\n<\/div><\/div>\n","protected":false},"excerpt":{"rendered":"<p>At arbejde i udlandet kan v\u00e6re en sp\u00e6ndende og bel\u00f8nnende oplevelse, der giver dig mulighed for at fordype dig i en ny kultur, udvikle v\u00e6rdifulde f\u00e6rdigheder og udvide dine professionelle horisonter. Dog kr\u00e6ver udfordringerne ved at arbejde i et fremmed land omhyggelig planl\u00e6gning og forberedelse. Uanset om du overvejer en kortvarig opgave eller en langvarig [&hellip;]<\/p>\n","protected":false},"author":23,"featured_media":0,"parent":3507,"menu_order":0,"comment_status":"closed","ping_status":"closed","template":"","meta":{"_acf_changed":false,"footnotes":""},"class_list":["post-2474","page","type-page","status-publish","hentry"],"acf":[],"_links":{"self":[{"href":"https:\/\/careers.evolution.com\/malta\/wp-json\/wp\/v2\/pages\/2474","targetHints":{"allow":["GET"]}}],"collection":[{"href":"https:\/\/careers.evolution.com\/malta\/wp-json\/wp\/v2\/pages"}],"about":[{"href":"https:\/\/careers.evolution.com\/malta\/wp-json\/wp\/v2\/types\/page"}],"author":[{"embeddable":true,"href":"https:\/\/careers.evolution.com\/malta\/wp-json\/wp\/v2\/users\/23"}],"replies":[{"embeddable":true,"href":"https:\/\/careers.evolution.com\/malta\/wp-json\/wp\/v2\/comments?post=2474"}],"version-history":[{"count":9,"href":"https:\/\/careers.evolution.com\/malta\/wp-json\/wp\/v2\/pages\/2474\/revisions"}],"predecessor-version":[{"id":3766,"href":"https:\/\/careers.evolution.com\/malta\/wp-json\/wp\/v2\/pages\/2474\/revisions\/3766"}],"up":[{"embeddable":true,"href":"https:\/\/careers.evolution.com\/malta\/wp-json\/wp\/v2\/pages\/3507"}],"wp:attachment":[{"href":"https:\/\/careers.evolution.com\/malta\/wp-json\/wp\/v2\/media?parent=2474"}],"curies":[{"name":"wp","href":"https:\/\/api.w.org\/{rel}","templated":true}]}}