{"id":2460,"date":"2024-05-06T13:06:22","date_gmt":"2024-05-06T13:06:22","guid":{"rendered":"https:\/\/careers.evolution.com\/malta\/?page_id=2460"},"modified":"2026-02-17T13:47:23","modified_gmt":"2026-02-17T13:47:23","slug":"8-sportslige-aktiviteter","status":"publish","type":"page","link":"https:\/\/careers.evolution.com\/malta\/dansk-blog\/8-sportslige-aktiviteter\/","title":{"rendered":"8 Sportslige Aktiviteter Du Kan Nyde p\u00e5 Malta"},"content":{"rendered":"\n<div class=\"wp-block-cover wp-duotone-unset-1\" style=\"padding-top:var(--wp--preset--spacing--xxl);padding-right:var(--wp--preset--spacing--md);padding-bottom:var(--wp--preset--spacing--xxl);padding-left:var(--wp--preset--spacing--md);min-height:329px;aspect-ratio:unset;\"><img loading=\"lazy\" decoding=\"async\" width=\"1024\" height=\"1024\" class=\"wp-block-cover__image-background wp-image-2900 size-large\" alt=\"\" src=\"https:\/\/careers.evolution.com\/malta\/wp-content\/uploads\/2026\/02\/1x1-Web-photos-1-2-1024x1024.jpg\" style=\"object-position:42% 37%\" data-object-fit=\"cover\" data-object-position=\"42% 37%\" srcset=\"https:\/\/careers.evolution.com\/malta\/wp-content\/uploads\/2026\/02\/1x1-Web-photos-1-2-1024x1024.jpg 1024w, https:\/\/careers.evolution.com\/malta\/wp-content\/uploads\/2026\/02\/1x1-Web-photos-1-2-300x300.jpg 300w, https:\/\/careers.evolution.com\/malta\/wp-content\/uploads\/2026\/02\/1x1-Web-photos-1-2-150x150.jpg 150w, https:\/\/careers.evolution.com\/malta\/wp-content\/uploads\/2026\/02\/1x1-Web-photos-1-2-768x768.jpg 768w, https:\/\/careers.evolution.com\/malta\/wp-content\/uploads\/2026\/02\/1x1-Web-photos-1-2-540x540.jpg 540w, https:\/\/careers.evolution.com\/malta\/wp-content\/uploads\/2026\/02\/1x1-Web-photos-1-2-420x420.jpg 420w, https:\/\/careers.evolution.com\/malta\/wp-content\/uploads\/2026\/02\/1x1-Web-photos-1-2.jpg 1080w\" sizes=\"auto, (max-width: 1024px) 100vw, 1024px\"><span aria-hidden=\"true\" class=\"wp-block-cover__background has-ebony-background-color has-background-dim-30 has-background-dim\"><\/span><div class=\"wp-block-cover__inner-container is-layout-flow wp-block-cover-is-layout-flow\">\n<h6 class=\"wp-block-heading has-text-align-right has-white-color has-text-color\" id=\"ecosystem\" style=\"font-size:16px\">Blog | 4 minuts l\u00e6sning<\/h6>\n\n\n<style>.wp-block-kadence-advancedheading.kt-adv-heading2460_3218c8-12, .wp-block-kadence-advancedheading.kt-adv-heading2460_3218c8-12[data-kb-block=\"kb-adv-heading2460_3218c8-12\"]{text-align:center;font-size:var(--global-kb-font-size-xxl, 4rem);font-style:normal;color:#ffffff;}.wp-block-kadence-advancedheading.kt-adv-heading2460_3218c8-12 mark.kt-highlight, .wp-block-kadence-advancedheading.kt-adv-heading2460_3218c8-12[data-kb-block=\"kb-adv-heading2460_3218c8-12\"] mark.kt-highlight{font-style:normal;color:#f76a0c;-webkit-box-decoration-break:clone;box-decoration-break:clone;padding-top:0px;padding-right:0px;padding-bottom:0px;padding-left:0px;}.wp-block-kadence-advancedheading.kt-adv-heading2460_3218c8-12 img.kb-inline-image, .wp-block-kadence-advancedheading.kt-adv-heading2460_3218c8-12[data-kb-block=\"kb-adv-heading2460_3218c8-12\"] img.kb-inline-image{width:150px;vertical-align:baseline;}@media all and (max-width: 1024px){.wp-block-kadence-advancedheading.kt-adv-heading2460_3218c8-12, .wp-block-kadence-advancedheading.kt-adv-heading2460_3218c8-12[data-kb-block=\"kb-adv-heading2460_3218c8-12\"]{font-size:var(--global-kb-font-size-xxxl, 5rem);}}@media all and (max-width: 767px){.wp-block-kadence-advancedheading.kt-adv-heading2460_3218c8-12, .wp-block-kadence-advancedheading.kt-adv-heading2460_3218c8-12[data-kb-block=\"kb-adv-heading2460_3218c8-12\"]{font-size:var(--global-kb-font-size-xxxl, 5rem);}}<\/style>\n<h1 class=\"kt-adv-heading2460_3218c8-12 wp-block-kadence-advancedheading\" data-kb-block=\"kb-adv-heading2460_3218c8-12\"><strong><strong>8 Sportslige Aktiviteter Du Kan Nyde p\u00e5 Malta<\/strong><\/strong><\/h1>\n\n\n\n<div class=\"wp-block-buttons is-horizontal is-content-justification-right is-layout-flex wp-block-buttons-is-layout-flex\">\n<div class=\"wp-block-button is-style-fill\"><a class=\"wp-block-button__link has-white-color has-vivid-green-cyan-background-color has-text-color has-background has-link-color has-border-color has-white-border-color has-text-align-left has-custom-font-size wp-element-button\" href=\"https:\/\/wa.me\/?text=https:\/\/careers.evolution.com\/malta\/dansk-blog\/8-sportslige-aktiviteter\/\" style=\"border-width:3px;font-size:13px\">\ud83d\udd17 Share<\/a><\/div>\n<\/div>\n<\/div><\/div>\n\n\n\n<div style=\"height:21px\" aria-hidden=\"true\" class=\"wp-block-spacer\"><\/div>\n\n\n\n<div class=\"wp-block-group alignfull has-white-background-color has-background is-layout-flow wp-block-group-is-layout-flow\" style=\"padding-top:2vw;padding-right:6vw;padding-bottom:2vw;padding-left:6vw\">\n<div class=\"wp-block-group alignwide is-vertical is-nowrap is-layout-flex wp-block-group-is-layout-flex\" style=\"padding-top:0;padding-right:0;padding-bottom:0;padding-left:0\">\n<div class=\"wp-block-columns alignwide is-layout-flex wp-block-columns-is-layout-flex\">\n<div class=\"wp-block-column is-layout-flow wp-block-column-is-layout-flow\" style=\"flex-basis:100%\">\n<p class=\"has-text-align-left has-background\" style=\"border-top-left-radius:12px;border-top-right-radius:12px;border-bottom-left-radius:12px;border-bottom-right-radius:12px;background-color:#c9f4ff\">Gemt v\u00e6k i hjertet af Middelhavet praler den billedsk\u00f8nne \u00f8 Malta ikke kun med betagende landskaber og en rig historie, men ogs\u00e5 med et levende udvalg af sportslige aktiviteter for entusiaster, der s\u00f8ger en aktiv ferie. Fra de krystalklare farvande omkring \u00f8en til de barske terr\u00e6ner tilbyder Malta den perfekte legeplads for dem, der nyder sport i en unik indstilling.<\/p>\n\n\n\n<p><a href=\"https:\/\/careers.evolution.com\/malta\/dansk-blog\/eventyrlige-steder-pa-malta-perfekte-til-instagram-udforsk-og-tag-billeder\/\">\u2197\ufe0f<\/a> <a href=\"https:\/\/careers.evolution.com\/malta\/dansk-blog\/eventyrlige-steder-pa-malta-perfekte-til-instagram-udforsk-og-tag-billeder\/\">L\u00e6s mere: Eventyrlige steder p\u00e5 Malta perfekte til Instagram: Udforsk og tag billeder<\/a><\/p>\n\n\n\n<p><strong>\ud83d\udfe3 Snorkling og Dykning:<\/strong> Maltas azurbl\u00e5 farvande er et paradis for snorklere og dykkere. Udforsk det livlige undervandsverdenen og opdag skjulte huler, farverigt havliv og gamle skibsvrag. Popul\u00e6re dykkersteder som Blue Hole p\u00e5 Gozo og Cirkewwa Reef lover uforglemmelige undervandsoplevelser.<\/p>\n\n\n\n<p>Vindsurfing og Kitesurfing: Med konstant vind og varme temperaturer er Malta et ideelt rejsem\u00e5l for vindsurfere og kitesurfere. Mellie\u0127a Bay og Golden Bay tilbyder fremragende forhold for disse adrenalinfremkaldende aktiviteter.<\/p>\n\n\n\n<p><strong>\ud83d\udfe3<\/strong> <strong>Kajakroning og Stand Up Paddleboarding:<\/strong> Opdag skjulte bugter og havhuler ved at kajakroning langs kysten eller nyd roen ved stand up paddleboarding i rolige bugter. Det er en fantastisk m\u00e5de at opleve Maltas natursk\u00f8nhed i dit eget tempo.<\/p>\n\n\n\n<figure class=\"wp-block-image aligncenter size-large is-resized has-custom-border\"><img loading=\"lazy\" decoding=\"async\" width=\"1024\" height=\"1024\" src=\"https:\/\/careers.evolution.com\/malta\/wp-content\/uploads\/2026\/02\/1x1-Web-photos-2-2-1024x1024.jpg\" alt=\"\" class=\"wp-image-2901\" style=\"border-top-left-radius:23px;border-top-right-radius:23px;border-bottom-left-radius:23px;border-bottom-right-radius:23px;width:305px;height:auto\" srcset=\"https:\/\/careers.evolution.com\/malta\/wp-content\/uploads\/2026\/02\/1x1-Web-photos-2-2-1024x1024.jpg 1024w, https:\/\/careers.evolution.com\/malta\/wp-content\/uploads\/2026\/02\/1x1-Web-photos-2-2-300x300.jpg 300w, https:\/\/careers.evolution.com\/malta\/wp-content\/uploads\/2026\/02\/1x1-Web-photos-2-2-150x150.jpg 150w, https:\/\/careers.evolution.com\/malta\/wp-content\/uploads\/2026\/02\/1x1-Web-photos-2-2-768x768.jpg 768w, https:\/\/careers.evolution.com\/malta\/wp-content\/uploads\/2026\/02\/1x1-Web-photos-2-2-540x540.jpg 540w, https:\/\/careers.evolution.com\/malta\/wp-content\/uploads\/2026\/02\/1x1-Web-photos-2-2-420x420.jpg 420w, https:\/\/careers.evolution.com\/malta\/wp-content\/uploads\/2026\/02\/1x1-Web-photos-2-2.jpg 1080w\" sizes=\"auto, (max-width: 1024px) 100vw, 1024px\"><\/figure>\n\n\n\n<p><strong>\ud83d\udfe3<\/strong> <strong>Klatring: <\/strong>For de eventyrlystne typer giver Maltas kalkstensklipper fremragende terr\u00e6n til klatring. Steder som Dingli Cliffs byder p\u00e5 betagende udsigter, mens du stiger til nye h\u00f8jder.<\/p>\n\n\n\n<p>Cykelruter: Udforsk de charmerende landsbyer, historiske sev\u00e6rdigheder og natursk\u00f8nne landskaber p\u00e5 \u00f8en p\u00e5 to hjul. Uanset om du er en fritidscyklist eller en erfaren rytter, har Maltas varierede terr\u00e6n noget for alle f\u00e6rdighedsniveauer.<\/p>\n\n\n\n<p><strong>\ud83d\udfe3<\/strong> <strong>Vandrestier:<\/strong> Sn\u00f8r vandrest\u00f8vlerne og begiv dig ud p\u00e5 en rejse gennem Maltas landskab. Stier som Victoria Lines og Dingli Cliffs Walk tilbyder vandrere panoramiske udsigter og et glimt af Maltas naturlige vidundere.<\/p>\n\n\n\n<p>Strandvolleyball: Mange af Maltas sandstrande har dedikerede omr\u00e5der til strandvolleyball. Tag en bold med, saml nogle venner, og nyd en livlig kamp med Middelhavet som baggrund.<\/p>\n\n\n\n<p><strong>\ud83d\udfe3<\/strong> <strong>Golf:<\/strong> For en mere afslappet sportslig oplevelse tilbyder Malta golfentusiasterne muligheden for at svinge k\u00f8llen i smukke omgivelser. Royal Malta Golf Club i Marsa byder p\u00e5 en udfordrende bane for spillere p\u00e5 alle niveauer.<\/p>\n<\/div>\n<\/div>\n<\/div>\n<\/div>\n\n\n<style>.kadence-column2460_9212ff-ae > .kt-inside-inner-col,.kadence-column2460_9212ff-ae > .kt-inside-inner-col:before{border-top-left-radius:0px;border-top-right-radius:0px;border-bottom-right-radius:0px;border-bottom-left-radius:0px;}.kadence-column2460_9212ff-ae > .kt-inside-inner-col{column-gap:var(--global-kb-gap-sm, 1rem);}.kadence-column2460_9212ff-ae > .kt-inside-inner-col{flex-direction:column;}.kadence-column2460_9212ff-ae > .kt-inside-inner-col > .aligncenter{width:100%;}.kadence-column2460_9212ff-ae > .kt-inside-inner-col:before{opacity:0.3;}.kadence-column2460_9212ff-ae{position:relative;}.kadence-column2460_9212ff-ae, .kt-inside-inner-col > .kadence-column2460_9212ff-ae:not(.specificity){margin-top:var(--global-kb-spacing-lg, 3rem);}@media all and (max-width: 1024px){.kadence-column2460_9212ff-ae > .kt-inside-inner-col{flex-direction:column;justify-content:center;}}@media all and (max-width: 767px){.kadence-column2460_9212ff-ae > .kt-inside-inner-col{flex-direction:column;justify-content:center;}}<\/style>\n<div class=\"wp-block-kadence-column kadence-column2460_9212ff-ae kb-section-has-link\" id=\"apply\"><div class=\"kt-inside-inner-col\">\n<div class=\"wp-block-cover wp-duotone-unset-2\" style=\"border-style:none;border-width:0px;border-top-left-radius:38px;border-top-right-radius:38px;border-bottom-left-radius:38px;border-bottom-right-radius:38px;padding-top:var(--wp--preset--spacing--xxl);padding-right:var(--wp--preset--spacing--md);padding-bottom:var(--wp--preset--spacing--xxl);padding-left:var(--wp--preset--spacing--md);min-height:638px;aspect-ratio:unset;\"><img loading=\"lazy\" decoding=\"async\" width=\"1024\" height=\"1024\" class=\"wp-block-cover__image-background wp-image-2899 size-large\" alt=\"\" src=\"https:\/\/careers.evolution.com\/malta\/wp-content\/uploads\/2026\/02\/1x1-Web-photos-6-1024x1024.jpg\" style=\"object-position:44% 46%\" data-object-fit=\"cover\" data-object-position=\"44% 46%\" srcset=\"https:\/\/careers.evolution.com\/malta\/wp-content\/uploads\/2026\/02\/1x1-Web-photos-6-1024x1024.jpg 1024w, https:\/\/careers.evolution.com\/malta\/wp-content\/uploads\/2026\/02\/1x1-Web-photos-6-300x300.jpg 300w, https:\/\/careers.evolution.com\/malta\/wp-content\/uploads\/2026\/02\/1x1-Web-photos-6-150x150.jpg 150w, https:\/\/careers.evolution.com\/malta\/wp-content\/uploads\/2026\/02\/1x1-Web-photos-6-768x768.jpg 768w, https:\/\/careers.evolution.com\/malta\/wp-content\/uploads\/2026\/02\/1x1-Web-photos-6-540x540.jpg 540w, https:\/\/careers.evolution.com\/malta\/wp-content\/uploads\/2026\/02\/1x1-Web-photos-6-420x420.jpg 420w, https:\/\/careers.evolution.com\/malta\/wp-content\/uploads\/2026\/02\/1x1-Web-photos-6.jpg 1080w\" sizes=\"auto, (max-width: 1024px) 100vw, 1024px\"><span aria-hidden=\"true\" class=\"wp-block-cover__background has-ebony-background-color has-background-dim-30 has-background-dim\"><\/span><div class=\"wp-block-cover__inner-container is-layout-flow wp-block-cover-is-layout-flow\">\n<p class=\"has-text-align-center\" style=\"margin-top:86px;margin-bottom:-20px;font-size:55px\"><strong><strong><strong><em>Vi s\u00f8ger<\/em><\/strong><\/strong><\/strong> <\/p>\n\n\n\n<p class=\"has-text-align-center\" style=\"font-size:33px\"><strong><em>dansktalende<\/em><\/strong> <em>Online casino spilv\u00e6rt i Malta<\/em><\/p>\n\n\n\n<div class=\"wp-block-buttons is-horizontal is-content-justification-center is-layout-flex wp-block-buttons-is-layout-flex\">\n<div class=\"wp-block-button is-style-fill\"><a class=\"wp-block-button__link has-white-color has-primary-background-color has-text-color has-background has-link-color has-border-color has-white-border-color has-text-align-center has-custom-font-size wp-element-button\" style=\"border-width:5px;font-size:18px\"><strong>Ans\u00f8g nu!<\/strong><\/a><\/div>\n<\/div>\n<\/div><\/div>\n<\/div><a href=\"https:\/\/careers.evolution.com\/malta\/den-danske-spilvaert\/?utm_source=google&amp;utm_medium=organic&amp;utm_campaign=dk_dnk_danskblog\" class=\"kb-section-link-overlay\"><\/a><\/div>\n","protected":false},"excerpt":{"rendered":"<p>Gemt v\u00e6k i hjertet af Middelhavet praler den billedsk\u00f8nne \u00f8 Malta ikke kun med betagende landskaber og en rig historie, men ogs\u00e5 med et levende udvalg af sportslige aktiviteter for entusiaster, der s\u00f8ger en aktiv ferie. Fra de krystalklare farvande omkring \u00f8en til de barske terr\u00e6ner tilbyder Malta den perfekte legeplads for dem, der nyder [&hellip;]<\/p>\n","protected":false},"author":23,"featured_media":0,"parent":3507,"menu_order":0,"comment_status":"closed","ping_status":"closed","template":"","meta":{"_acf_changed":false,"footnotes":""},"class_list":["post-2460","page","type-page","status-publish","hentry"],"acf":[],"_links":{"self":[{"href":"https:\/\/careers.evolution.com\/malta\/wp-json\/wp\/v2\/pages\/2460","targetHints":{"allow":["GET"]}}],"collection":[{"href":"https:\/\/careers.evolution.com\/malta\/wp-json\/wp\/v2\/pages"}],"about":[{"href":"https:\/\/careers.evolution.com\/malta\/wp-json\/wp\/v2\/types\/page"}],"author":[{"embeddable":true,"href":"https:\/\/careers.evolution.com\/malta\/wp-json\/wp\/v2\/users\/23"}],"replies":[{"embeddable":true,"href":"https:\/\/careers.evolution.com\/malta\/wp-json\/wp\/v2\/comments?post=2460"}],"version-history":[{"count":29,"href":"https:\/\/careers.evolution.com\/malta\/wp-json\/wp\/v2\/pages\/2460\/revisions"}],"predecessor-version":[{"id":3765,"href":"https:\/\/careers.evolution.com\/malta\/wp-json\/wp\/v2\/pages\/2460\/revisions\/3765"}],"up":[{"embeddable":true,"href":"https:\/\/careers.evolution.com\/malta\/wp-json\/wp\/v2\/pages\/3507"}],"wp:attachment":[{"href":"https:\/\/careers.evolution.com\/malta\/wp-json\/wp\/v2\/media?parent=2460"}],"curies":[{"name":"wp","href":"https:\/\/api.w.org\/{rel}","templated":true}]}}