{"id":1384,"date":"2023-12-12T10:46:48","date_gmt":"2023-12-12T10:46:48","guid":{"rendered":"https:\/\/careers.evolution.com\/malta\/?page_id=1384"},"modified":"2024-01-16T09:18:06","modified_gmt":"2024-01-16T09:18:06","slug":"magisches-malta-im-dezember","status":"publish","type":"page","link":"https:\/\/careers.evolution.com\/malta\/german-speaking-game-presenter\/deutscher-blog\/magisches-malta-im-dezember\/","title":{"rendered":"Magisches Malta im Dezember: Umarmung der Festlichkeit im mediterranen Winter."},"content":{"rendered":"\n<div class=\"wp-block-group alignfull has-white-background-color has-background is-layout-flow wp-block-group-is-layout-flow\" style=\"padding-top:6vw;padding-right:6vw;padding-bottom:6vw;padding-left:6vw\">\n<div class=\"wp-block-group is-vertical is-nowrap is-layout-flex wp-block-group-is-layout-flex\" style=\"padding-right:0;padding-left:0\">\n<h6 class=\"wp-block-heading has-text-color\" id=\"ecosystem\" style=\"color:#000000;font-size:16px\"><\/h6>\n\n\n\n<p class=\"has-text-color\" style=\"color:#000000;font-size:4vw;font-style:normal;font-weight:700;letter-spacing:0px;line-height:0.9;text-decoration:none;text-transform:none\">Magisches Malta im Dezember: Umarmung der Festlichkeit im mediterranen Winter.<\/p>\n\n\n\n<div style=\"height:0px\" aria-hidden=\"true\" class=\"wp-block-spacer wp-container-content-42577013\"><\/div>\n<\/div>\n\n\n\n<div class=\"wp-block-group alignwide is-vertical is-nowrap is-layout-flex wp-block-group-is-layout-flex\" style=\"padding-top:0;padding-right:0;padding-bottom:0;padding-left:0\">\n<div class=\"wp-block-columns alignwide is-layout-flex wp-block-columns-is-layout-flex\">\n<div class=\"wp-block-column is-layout-flow wp-block-column-is-layout-flow\" style=\"flex-basis:100%\">\n<p>Mit dem Abk\u00fchlen der Temperaturen und dem Einzug des Winters \u00fcber dem Mittelmeer verwandelt sich Malta, das von der Sonne durchtr\u00e4nkte Archipel im Herzen des Meeres, im Dezember in ein magisches Wunderland. Die Feiertagssaison verleiht dieser historischen Insel eine zus\u00e4tzliche Portion Charme und schafft eine Atmosph\u00e4re der Freude und Festlichkeit.<\/p>\n\n\n\n<p><\/p>\n\n\n\n<p><strong>Winterliche Stimmung in der mediterranen Sonne<\/strong><\/p>\n\n\n\n<p><\/p>\n\n\n\n<p>Im Gegensatz zu den kalten Wintern in vielen Teilen Europas erlebt Malta im Dezember ein milderes Klima. Die Sonne setzt ihren warmen Glanz fort und macht es zu einem idealen Ziel f\u00fcr diejenigen, die einen Winterurlaub ohne den Verzicht auf den Reiz der Sonne suchen. Stellen Sie sich vor, Sie schlendern durch die historischen Stra\u00dfen von Valletta oder entspannen an den Str\u00e4nden, umgeben von der atemberaubenden mediterranen Landschaft, alles unter der angenehmen Wintersonne.<\/p>\n\n\n\n<p><\/p>\n\n\n\n<p><strong>Verzaubernde Feste und Feierlichkeiten<\/strong><\/p>\n\n\n\n<p><\/p>\n\n\n\n<p>Malta, tief verwurzelt in Geschichte und Kultur, feiert die Weihnachtszeit mit einer Reihe von zauberhaften Festivals und Veranstaltungen. Die Stra\u00dfen erwachen zum Leben mit bunten Dekorationen, funkelnden Lichtern und den fr\u00f6hlichen Kl\u00e4ngen von Weihnachtsliedern. Die Hauptstadt Valletta wird zu einem festlichen Zentrum mit ihrem Fairyland Christmas Market, der eine reizvolle Auswahl an lokalen Handwerkskunst, festlichen Leckereien und einzigartigen Geschenken bietet.<\/p>\n\n\n\n<p>Ein H\u00f6hepunkt ist das Malta International Christmas Festival, eine spektakul\u00e4re Veranstaltung, die das reiche kulturelle Erbe der Insel durch Musik, Tanz und traditionelle Auff\u00fchrungen pr\u00e4sentiert. Besucher k\u00f6nnen in die lokalen Traditionen eintauchen und die festliche Stimmung mit der gastfreundlichen maltesischen Gemeinschaft teilen.<\/p>\n\n\n\n<p><\/p>\n\n\n\n<p><strong>Traditionelle maltesische Leckerbissen<\/strong><\/p>\n\n\n\n<p><\/p>\n\n\n\n<p>Ein Besuch in Malta im Dezember ist ohne das Genie\u00dfen traditioneller maltesischer Festlichkeiten nicht vollst\u00e4ndig. Der Duft von frisch gebackenen Pastizzi, einem bl\u00e4ttrigen Teig gef\u00fcllt mit Ricotta oder Erbsen, zieht durch die Luft. Einheimische und Besucher gleicherma\u00dfen genie\u00dfen die S\u00fc\u00dfe von Honigringen, bekannt als &#8216;Qag\u0127aq tal-G\u0127asel&#8217;, und die fruchtige F\u00fclle von &#8216;Imbuljuta tal-Qastan&#8217;, einem hei\u00dfen Trank aus Kastanien und Schokolade.<\/p>\n\n\n\n<p><\/p>\n\n\n\n<p>Begeben Sie sich in die charmanten D\u00f6rfer, wo der Duft von weihnachtlichen Gew\u00fcrzen und die W\u00e4rme von Gemeinschaftstreffen eine Atmosph\u00e4re reiner Magie schaffen. Nehmen Sie an den traditionellen maltesischen Feierlichkeiten teil, bei denen sich Familien versammeln, um festliche Gelage zu genie\u00dfen und die Freude der Saison zu teilen.<\/p>\n\n\n\n<p><\/p>\n\n\n\n<p><strong>Winterliche Aktivit\u00e4ten im Wunderland<\/strong><\/p>\n\n\n\n<p><\/p>\n\n\n\n<p>Obwohl Malta nicht von Schnee bedeckt ist, bietet es seine eigene einzigartige Version eines Winterwunderlands. Machen Sie einen gem\u00fctlichen Spaziergang durch die festlich geschm\u00fcckten Stra\u00dfen von Mdina, der stillen Stadt, und erleben Sie den mittelalterlichen Charme, der durch festliche Dekorationen betont wird. F\u00fcr diejenigen, die Abenteuer suchen, erkunden Sie die malerischen Landschaften von Gozo oder wandern Sie entlang der malerischen Klippen von Dingli. Die Wintersaison in Malta bietet die perfekte Kulisse f\u00fcr Outdoor-Aktivit\u00e4ten, sei es das Erkunden historischer St\u00e4tten oder einfach das Genie\u00dfen der atemberaubenden Aussichten.<\/p>\n\n\n\n<p><\/p>\n\n\n\n<p><strong>Die W\u00e4rme maltesischer Gastfreundschaft umarmen<\/strong><\/p>\n\n\n\n<p><\/p>\n\n\n\n<p>Jenseits der bezaubernden Landschaften und festlichen Aktivit\u00e4ten ist das, was Malta im Dezember wirklich magisch macht, die W\u00e4rme maltesischer Gastfreundschaft. Die Einheimischen hei\u00dfen Besucher mit offenen Armen willkommen und laden sie ein, an den Traditionen und Feierlichkeiten teilzuhaben, die die Weihnachtszeit in Malta wirklich besonders machen. Ob bei einer lokalen Festa, beim Schl\u00fcrfen von Gl\u00fchwein auf einem Weihnachtsmarkt oder bei der Teilnahme an den lebhaften Stra\u00dfenfestlichkeiten: Das Umarmen der W\u00e4rme des maltesischen Geistes verleiht Ihrer Dezembererfahrung eine zus\u00e4tzliche Schicht an Verzauberung.<\/p>\n<\/div>\n<\/div>\n<\/div>\n<\/div>\n","protected":false},"excerpt":{"rendered":"<p>Magisches Malta im Dezember: Umarmung der Festlichkeit im mediterranen Winter. Mit dem Abk\u00fchlen der Temperaturen und dem Einzug des Winters \u00fcber dem Mittelmeer verwandelt sich Malta, das von der Sonne durchtr\u00e4nkte Archipel im Herzen des Meeres, im Dezember in ein magisches Wunderland. Die Feiertagssaison verleiht dieser historischen Insel eine zus\u00e4tzliche Portion Charme und schafft eine [&hellip;]<\/p>\n","protected":false},"author":23,"featured_media":0,"parent":1381,"menu_order":0,"comment_status":"closed","ping_status":"closed","template":"","meta":{"_acf_changed":false,"footnotes":""},"class_list":["post-1384","page","type-page","status-publish","hentry"],"acf":[],"_links":{"self":[{"href":"https:\/\/careers.evolution.com\/malta\/wp-json\/wp\/v2\/pages\/1384","targetHints":{"allow":["GET"]}}],"collection":[{"href":"https:\/\/careers.evolution.com\/malta\/wp-json\/wp\/v2\/pages"}],"about":[{"href":"https:\/\/careers.evolution.com\/malta\/wp-json\/wp\/v2\/types\/page"}],"author":[{"embeddable":true,"href":"https:\/\/careers.evolution.com\/malta\/wp-json\/wp\/v2\/users\/23"}],"replies":[{"embeddable":true,"href":"https:\/\/careers.evolution.com\/malta\/wp-json\/wp\/v2\/comments?post=1384"}],"version-history":[{"count":2,"href":"https:\/\/careers.evolution.com\/malta\/wp-json\/wp\/v2\/pages\/1384\/revisions"}],"predecessor-version":[{"id":1586,"href":"https:\/\/careers.evolution.com\/malta\/wp-json\/wp\/v2\/pages\/1384\/revisions\/1586"}],"up":[{"embeddable":true,"href":"https:\/\/careers.evolution.com\/malta\/wp-json\/wp\/v2\/pages\/1381"}],"wp:attachment":[{"href":"https:\/\/careers.evolution.com\/malta\/wp-json\/wp\/v2\/media?parent=1384"}],"curies":[{"name":"wp","href":"https:\/\/api.w.org\/{rel}","templated":true}]}}