{"id":468,"date":"2023-10-31T14:07:06","date_gmt":"2023-10-31T14:07:06","guid":{"rendered":"https:\/\/careers.evolution.com\/lithuania\/?page_id=468"},"modified":"2026-01-08T08:13:36","modified_gmt":"2026-01-08T08:13:36","slug":"kaunas-gp","status":"publish","type":"page","link":"https:\/\/careers.evolution.com\/lithuania\/lt\/kaunas-gp\/","title":{"rendered":"Apply form Kaunas GP LT"},"content":{"rendered":"\n<h2 class=\"wp-block-heading has-text-align-center\"><strong>Pamatyk kaip atrodys tavo darbas<\/strong><\/h2>\n\n\n<div class=\"youtube-embed-block is-layout-constrained\" >\n    <div class=\"embed-block-wrapper\" style=\"position: relative; overflow: hidden;\">\n        <div class=\"embed-video-thumb\">\n            <img decoding=\"async\" loading=\"lazy\" src=\"https:\/\/i.ytimg.com\/vi\/_6_Zw0DrY6U\/default.jpg\" srcset=\"https:\/\/i.ytimg.com\/vi\/_6_Zw0DrY6U\/default.jpg 240w,https:\/\/i.ytimg.com\/vi\/_6_Zw0DrY6U\/mqdefault.jpg 480w, https:\/\/i.ytimg.com\/vi\/_6_Zw0DrY6U\/hqdefault.jpg 640w, https:\/\/i.ytimg.com\/vi\/_6_Zw0DrY6U\/sddefault.jpg 900w, https:\/\/i.ytimg.com\/vi\/_6_Zw0DrY6U\/maxresdefault.jpg 1280w\" sizes=\"(max-width: 240px) 100vw, (max-width: 480px) 100vw, (max-width: 640px) 100vw, (max-width: 900px) 100vw, 1280px\" alt=\"\">            <div class=\"icon\"><\/div>\n        <\/div>\n        <div class=\"videoWrapper\"\n             data-embed=\"https:\/\/www.youtube.com\/embed\/_6_Zw0DrY6U?autoplay=1\">\n            <iframe loading=\"lazy\" width=\"560\" height=\"315\" src=\"\"\n                    allow=\"accelerometer; autoplay; clipboard-write; encrypted-media; gyroscope; picture-in-picture; web-share\"\n                    title=\"YouTube video\"\n                    allowfullscreen><\/iframe>\n        <\/div>\n    <\/div>\n<\/div>\n\n\n<p id=\"apply\">        <div class=\"error-message\">\n            <div class=\"error-message-title\">Pozicija neb\u0117ra prieinama<\/div><div class=\"error-message-text\">Vertiname j\u016bs\u0173 susidom\u0117jim\u0105 \u0161ia pozicija. Deja, pozicija, \u012f kuri\u0105 bandote kandidatuoti, pasibaig\u0117 ir neb\u0117ra atvira.<\/div><div class=\"error-message-buttons btn-row\"><a href=\"https:\/\/careers.evolution.com\/all-vacancies\/\" class=\"btn btn-primary\" >Visos laisvos darbo vietos<\/a><\/div>        <\/div>\n    <\/p>\n\n\n\n<p><\/p>\n","protected":false},"excerpt":{"rendered":"<p>Pamatyk kaip atrodys tavo darbas<\/p>\n","protected":false},"author":28,"featured_media":0,"parent":0,"menu_order":0,"comment_status":"closed","ping_status":"closed","template":"template\/apply-page.php","meta":{"_acf_changed":false,"footnotes":""},"class_list":["post-468","page","type-page","status-publish","hentry"],"acf":[],"_links":{"self":[{"href":"https:\/\/careers.evolution.com\/lithuania\/lt\/wp-json\/wp\/v2\/pages\/468","targetHints":{"allow":["GET"]}}],"collection":[{"href":"https:\/\/careers.evolution.com\/lithuania\/lt\/wp-json\/wp\/v2\/pages"}],"about":[{"href":"https:\/\/careers.evolution.com\/lithuania\/lt\/wp-json\/wp\/v2\/types\/page"}],"author":[{"embeddable":true,"href":"https:\/\/careers.evolution.com\/lithuania\/lt\/wp-json\/wp\/v2\/users\/28"}],"replies":[{"embeddable":true,"href":"https:\/\/careers.evolution.com\/lithuania\/lt\/wp-json\/wp\/v2\/comments?post=468"}],"version-history":[{"count":21,"href":"https:\/\/careers.evolution.com\/lithuania\/lt\/wp-json\/wp\/v2\/pages\/468\/revisions"}],"predecessor-version":[{"id":1312,"href":"https:\/\/careers.evolution.com\/lithuania\/lt\/wp-json\/wp\/v2\/pages\/468\/revisions\/1312"}],"wp:attachment":[{"href":"https:\/\/careers.evolution.com\/lithuania\/lt\/wp-json\/wp\/v2\/media?parent=468"}],"curies":[{"name":"wp","href":"https:\/\/api.w.org\/{rel}","templated":true}]}}