{"id":1261,"date":"2026-01-08T07:57:34","date_gmt":"2026-01-08T07:57:34","guid":{"rendered":"https:\/\/careers.evolution.com\/lithuania\/?page_id=1261"},"modified":"2026-02-04T09:03:58","modified_gmt":"2026-02-04T09:03:58","slug":"lithuania-main-page-lt","status":"publish","type":"page","link":"https:\/\/careers.evolution.com\/lithuania\/lt\/","title":{"rendered":"Lithuania Main page LT"},"content":{"rendered":"<style>.kb-row-layout-wrap.wp-block-kadence-rowlayout.kb-row-layout-id1261_febedf-e3{margin-top:0px;margin-bottom:0px;}.kb-row-layout-id1261_febedf-e3 > .kt-row-column-wrap{align-content:center;}:where(.kb-row-layout-id1261_febedf-e3 > .kt-row-column-wrap) > .wp-block-kadence-column{justify-content:center;}.kb-row-layout-id1261_febedf-e3 > .kt-row-column-wrap{column-gap:var(--global-kb-gap-none, 0rem );row-gap:var(--global-kb-gap-none, 0rem );padding-right:0px;padding-left:0px;grid-template-columns:minmax(0, 1fr);}.kb-row-layout-id1261_febedf-e3{background-image:linear-gradient(180deg,rgb(33,27,71) 0%,rgb(94,84,229) 36%,rgba(120,228,255,0.5) 70%,rgb(255,255,255) 100%);}.kb-row-layout-id1261_febedf-e3 > .kt-row-layout-overlay{opacity:0.00;background-image:url('https:\/\/careers.evolution.com\/lithuania\/wp-content\/uploads\/2024\/04\/line-shape-background.svg');background-size:auto 100%;background-position:0% 0%;background-attachment:scroll;background-repeat:no-repeat;}@media all and (max-width: 1024px), only screen and (min-device-width: 1024px) and (max-device-width: 1366px) and (-webkit-min-device-pixel-ratio: 2) and (hover: none){.kb-row-layout-id1261_febedf-e3 .kb-blocks-bg-video-container,.kb-row-layout-id1261_febedf-e3 .kb-blocks-bg-slider{display:none;}}@media all and (max-width: 1024px){.kb-row-layout-id1261_febedf-e3 > .kt-row-column-wrap{column-gap:var(--global-kb-gap-none, 0rem );row-gap:var(--global-kb-gap-none, 0rem );grid-template-columns:minmax(0, 1fr);}}@media all and (max-width: 1024px){.kb-row-layout-id1261_febedf-e3 > .kt-row-layout-overlay{opacity:0.11;}}@media all and (max-width: 767px){.kb-row-layout-id1261_febedf-e3 > .kt-row-column-wrap{row-gap:var(--global-kb-gap-md, 2rem);padding-top:var(--global-kb-spacing-4xl, 8rem);padding-right:0px;padding-bottom:var(--global-kb-spacing-4xl, 8rem);padding-left:0px;grid-template-columns:minmax(0, 1fr);}.kb-row-layout-id1261_febedf-e3 > .kt-row-column-wrap > .wp-block-kadence-column:nth-child(1 of *:not(style)){order:1;}.kb-row-layout-id1261_febedf-e3 > .kt-row-column-wrap > .wp-block-kadence-column:nth-child(2 of *:not(style)){order:11;}.kb-row-layout-id1261_febedf-e3 > .kt-row-column-wrap > .wp-block-kadence-column:nth-child(3 of *:not(style)){order:21;}.kb-row-layout-id1261_febedf-e3 > .kt-row-column-wrap > .wp-block-kadence-column:nth-child(4 of *:not(style)){order:31;}}<\/style><div class=\"kb-row-layout-wrap kb-row-layout-id1261_febedf-e3 alignfull has-theme-palette9-background-color kt-row-has-bg wp-block-kadence-rowlayout\"><div class=\"kt-row-layout-overlay kt-row-overlay-normal\"><\/div><div class=\"kt-row-column-wrap kt-has-1-columns kt-row-layout-equal kt-tab-layout-inherit kt-mobile-layout-row kt-row-valign-middle\">\n<style>.kadence-column1261_d04a1c-62 > .kt-inside-inner-col,.kadence-column1261_d04a1c-62 > .kt-inside-inner-col:before{border-top-left-radius:0px;border-top-right-radius:0px;border-bottom-right-radius:0px;border-bottom-left-radius:0px;}.kadence-column1261_d04a1c-62 > .kt-inside-inner-col{column-gap:var(--global-kb-gap-sm, 1rem);}.kadence-column1261_d04a1c-62 > .kt-inside-inner-col{flex-direction:column;}.kadence-column1261_d04a1c-62 > .kt-inside-inner-col > .aligncenter{width:100%;}.kadence-column1261_d04a1c-62 > .kt-inside-inner-col:before{opacity:0.3;}.kadence-column1261_d04a1c-62{position:relative;}@media all and (max-width: 1024px){.kadence-column1261_d04a1c-62 > .kt-inside-inner-col{flex-direction:column;justify-content:center;}}@media all and (max-width: 767px){.kadence-column1261_d04a1c-62 > .kt-inside-inner-col{flex-direction:column;justify-content:center;}}<\/style>\n<div class=\"wp-block-kadence-column kadence-column1261_d04a1c-62\"><div class=\"kt-inside-inner-col\"><style>.kb-row-layout-wrap.wp-block-kadence-rowlayout.kb-row-layout-id1261_22052f-5a{margin-top:0px;margin-bottom:0px;}.kb-row-layout-id1261_22052f-5a > .kt-row-column-wrap{align-content:center;}:where(.kb-row-layout-id1261_22052f-5a > .kt-row-column-wrap) > .wp-block-kadence-column{justify-content:center;}.kb-row-layout-id1261_22052f-5a > .kt-row-column-wrap{column-gap:var(--global-kb-gap-none, 0rem );row-gap:var(--global-kb-gap-none, 0rem );max-width:var(--wp--style--global--content-size);min-height:90vh;grid-template-columns:minmax(0, calc(70% - ((var(--global-kb-gap-none, 0rem ) * 1 )\/2)))minmax(0, calc(30% - ((var(--global-kb-gap-none, 0rem ) * 1 )\/2)));}.kb-row-layout-id1261_22052f-5a{--breakout-negative-margin-right:calc( ( ( ( var(--global-vw, 100vw) - ( var(--wp--style--global--content-size) - ( 0px*2 ) ) ) \/ 2 ) *-1) + -1px);--breakout-negative-margin-left:calc( ( ( ( var(--global-vw, 100vw) - ( var(--wp--style--global--content-size) - ( 0px*2 ) ) ) \/ 2 ) *-1) + -1px);}.kb-row-layout-id1261_22052f-5a > .kt-row-layout-overlay{opacity:1;background-image:url('https:\/\/careers.evolution.com\/lithuania\/wp-content\/uploads\/2024\/04\/Copy-of-Website-4.webp');background-size:70% auto;background-position:100% 50%;background-attachment:scroll;background-repeat:no-repeat;mix-blend-mode:normal;}@media all and (min-width: 1025px){.kb-row-layout-id1261_22052f-5a > .kt-row-column-wrap > .wp-block-kadence-column:nth-child(2 of *:not(style)){margin-inline-end:calc( 0px *-1 );margin-inline-end:var(--breakout-negative-margin-right);}}@media all and (max-width: 1024px){.kb-row-layout-id1261_22052f-5a > .kt-row-column-wrap{column-gap:var(--global-kb-gap-none, 0rem );row-gap:var(--global-kb-gap-none, 0rem );min-height:90vh;grid-template-columns:minmax(0, 1fr);}}@media all and (max-width: 1024px){.kb-row-layout-id1261_22052f-5a > .kt-row-column-wrap > .wp-block-kadence-column:nth-child(1 of *:not(style)){order:2;}}@media all and (max-width: 1024px){.kb-row-layout-id1261_22052f-5a > .kt-row-column-wrap > .wp-block-kadence-column:nth-child(2 of *:not(style)){order:1;}}@media all and (max-width: 1024px){.kb-row-layout-id1261_22052f-5a > .kt-row-column-wrap > .wp-block-kadence-column:nth-child(3 of *:not(style)){order:12;}}@media all and (max-width: 1024px){.kb-row-layout-id1261_22052f-5a > .kt-row-column-wrap > .wp-block-kadence-column:nth-child(4 of *:not(style)){order:11;}}@media all and (max-width: 1024px){.kb-row-layout-id1261_22052f-5a > .kt-row-column-wrap > .wp-block-kadence-column:nth-child(5 of *:not(style)){order:22;}}@media all and (max-width: 1024px){.kb-row-layout-id1261_22052f-5a > .kt-row-column-wrap > .wp-block-kadence-column:nth-child(6 of *:not(style)){order:21;}}@media all and (max-width: 1024px){.kb-row-layout-id1261_22052f-5a > .kt-row-column-wrap > .wp-block-kadence-column:nth-child(7 of *:not(style)){order:32;}}@media all and (max-width: 1024px){.kb-row-layout-id1261_22052f-5a > .kt-row-column-wrap > .wp-block-kadence-column:nth-child(8 of *:not(style)){order:31;}}@media all and (max-width: 1024px){.kb-row-layout-id1261_22052f-5a > .kt-row-layout-overlay{opacity:0.00;}}@media all and (min-width: 768px) and (max-width: 1024px){.kb-row-layout-id1261_22052f-5a > .kt-row-column-wrap:not(.kt-tab-layout-row) > .wp-block-kadence-column:nth-child(2 of *:not(style)){margin-inline-end:calc( 0px *-1 );}}@media all and (max-width: 767px){.kb-row-layout-id1261_22052f-5a > .kt-row-column-wrap{row-gap:var(--global-kb-gap-md, 2rem);padding-top:0px;padding-right:0px;padding-bottom:0px;padding-left:0px;min-height:0vh;grid-template-columns:minmax(0, 1fr);}.kb-row-layout-id1261_22052f-5a > .kt-row-column-wrap > .wp-block-kadence-column:nth-child(1 of *:not(style)){order:2;}.kb-row-layout-id1261_22052f-5a > .kt-row-column-wrap > .wp-block-kadence-column:nth-child(2 of *:not(style)){order:1;}.kb-row-layout-id1261_22052f-5a > .kt-row-column-wrap > .wp-block-kadence-column:nth-child(3 of *:not(style)){order:12;}.kb-row-layout-id1261_22052f-5a > .kt-row-column-wrap > .wp-block-kadence-column:nth-child(4 of *:not(style)){order:11;}.kb-row-layout-id1261_22052f-5a > .kt-row-column-wrap > .wp-block-kadence-column:nth-child(5 of *:not(style)){order:22;}.kb-row-layout-id1261_22052f-5a > .kt-row-column-wrap > .wp-block-kadence-column:nth-child(6 of *:not(style)){order:21;}.kb-row-layout-id1261_22052f-5a > .kt-row-column-wrap > .wp-block-kadence-column:nth-child(7 of *:not(style)){order:32;}.kb-row-layout-id1261_22052f-5a > .kt-row-column-wrap > .wp-block-kadence-column:nth-child(8 of *:not(style)){order:31;}}<\/style><div class=\"kb-row-layout-wrap kb-row-layout-id1261_22052f-5a alignfull kt-row-has-bg wp-block-kadence-rowlayout\"><div class=\"kt-row-layout-overlay kt-row-overlay-normal\"><\/div><div class=\"kt-row-column-wrap kt-has-2-columns kt-row-layout-equal kt-tab-layout-row kt-mobile-layout-row kt-row-valign-middle kb-theme-content-width\">\n<style>.kadence-column1261_40553c-76 > .kt-inside-inner-col{display:flex;}.kadence-column1261_40553c-76 > .kt-inside-inner-col{padding-top:0px;padding-bottom:0px;}.kadence-column1261_40553c-76 > .kt-inside-inner-col,.kadence-column1261_40553c-76 > .kt-inside-inner-col:before{border-top-left-radius:0px;border-top-right-radius:0px;border-bottom-right-radius:0px;border-bottom-left-radius:0px;}.kadence-column1261_40553c-76 > .kt-inside-inner-col{row-gap:0px;column-gap:0px;}.kadence-column1261_40553c-76 > .kt-inside-inner-col{flex-direction:column;justify-content:center;}.kadence-column1261_40553c-76 > .kt-inside-inner-col > .aligncenter{width:100%;}.kt-row-column-wrap > .kadence-column1261_40553c-76{align-self:center;}.kt-inner-column-height-full:not(.kt-has-1-columns) > .wp-block-kadence-column.kadence-column1261_40553c-76{align-self:auto;}.kt-inner-column-height-full:not(.kt-has-1-columns) > .wp-block-kadence-column.kadence-column1261_40553c-76 > .kt-inside-inner-col{flex-direction:column;justify-content:center;}.kadence-column1261_40553c-76 > .kt-inside-inner-col:before{opacity:0.3;}.kadence-column1261_40553c-76{text-align:left;}.kadence-column1261_40553c-76{position:relative;}.kadence-column1261_40553c-76, .kt-inside-inner-col > .kadence-column1261_40553c-76:not(.specificity){margin-top:0px;}@media all and (max-width: 1024px){.kadence-column1261_40553c-76 > .kt-inside-inner-col{padding-right:var(--global-kb-spacing-md, 2rem);padding-bottom:var(--global-kb-spacing-md, 2rem);min-height:700px;flex-direction:column;justify-content:center;align-items:center;}}@media all and (max-width: 1024px){.kt-row-column-wrap > .kadence-column1261_40553c-76{align-self:center;}}@media all and (max-width: 1024px){.kt-inner-column-height-full:not(.kt-has-1-columns) > .wp-block-kadence-column.kadence-column1261_40553c-76{align-self:auto;}}@media all and (max-width: 1024px){.kt-inner-column-height-full:not(.kt-has-1-columns) > .wp-block-kadence-column.kadence-column1261_40553c-76 > .kt-inside-inner-col{flex-direction:column;justify-content:center;}}@media all and (max-width: 767px){.kadence-column1261_40553c-76 > .kt-inside-inner-col{padding-right:var(--global-kb-spacing-sm, 1.5rem);padding-left:var(--global-kb-spacing-md, 2rem);min-height:0px;flex-direction:column;justify-content:center;align-items:center;}.kt-row-column-wrap > .kadence-column1261_40553c-76{align-self:center;}.kt-inner-column-height-full:not(.kt-has-1-columns) > .wp-block-kadence-column.kadence-column1261_40553c-76{align-self:auto;}.kt-inner-column-height-full:not(.kt-has-1-columns) > .wp-block-kadence-column.kadence-column1261_40553c-76 > .kt-inside-inner-col{flex-direction:column;justify-content:center;}}<\/style>\n<div class=\"wp-block-kadence-column kadence-column1261_40553c-76 kb-section-dir-vertical kb-section-md-dir-vertical inner-column-2\"><div class=\"kt-inside-inner-col\"><style>.wp-block-kadence-advancedheading.kt-adv-heading1261_04f797-b8, .wp-block-kadence-advancedheading.kt-adv-heading1261_04f797-b8[data-kb-block=\"kb-adv-heading1261_04f797-b8\"]{margin-bottom:var(--global-kb-spacing-xs, 1rem);font-size:64px;line-height:1;font-weight:600;font-style:normal;font-family:Poppins;color:#ffffff;}.wp-block-kadence-advancedheading.kt-adv-heading1261_04f797-b8 mark.kt-highlight, .wp-block-kadence-advancedheading.kt-adv-heading1261_04f797-b8[data-kb-block=\"kb-adv-heading1261_04f797-b8\"] mark.kt-highlight{font-style:normal;color:#f76a0c;-webkit-box-decoration-break:clone;box-decoration-break:clone;padding-top:0px;padding-right:0px;padding-bottom:0px;padding-left:0px;}.wp-block-kadence-advancedheading.kt-adv-heading1261_04f797-b8 img.kb-inline-image, .wp-block-kadence-advancedheading.kt-adv-heading1261_04f797-b8[data-kb-block=\"kb-adv-heading1261_04f797-b8\"] img.kb-inline-image{width:150px;vertical-align:baseline;}@media all and (max-width: 1024px){.wp-block-kadence-advancedheading.kt-adv-heading1261_04f797-b8, .wp-block-kadence-advancedheading.kt-adv-heading1261_04f797-b8[data-kb-block=\"kb-adv-heading1261_04f797-b8\"]{text-align:center!important;}}@media all and (max-width: 767px){.wp-block-kadence-advancedheading.kt-adv-heading1261_04f797-b8, .wp-block-kadence-advancedheading.kt-adv-heading1261_04f797-b8[data-kb-block=\"kb-adv-heading1261_04f797-b8\"]{font-size:42px;text-align:center!important;}}<\/style>\n<h1 class=\"kt-adv-heading1261_04f797-b8 has-xl-font-size wp-block-kadence-advancedheading\" data-kb-block=\"kb-adv-heading1261_04f797-b8\">PRISIJUNK PRIE<br>EVOLUTION<br>KOMANDOS LIETUVOJE<\/h1>\n\n\n<style>.wp-block-kadence-advancedheading.kt-adv-heading1261_4ddb41-be, .wp-block-kadence-advancedheading.kt-adv-heading1261_4ddb41-be[data-kb-block=\"kb-adv-heading1261_4ddb41-be\"]{max-width:80%;margin-bottom:var(--global-kb-spacing-lg, 3rem);font-size:var(--global-kb-font-size-xl, 3rem);line-height:1;font-style:normal;color:#fdfdfd;}.wp-block-kadence-advancedheading.kt-adv-heading1261_4ddb41-be mark.kt-highlight, .wp-block-kadence-advancedheading.kt-adv-heading1261_4ddb41-be[data-kb-block=\"kb-adv-heading1261_4ddb41-be\"] mark.kt-highlight{font-style:normal;color:#f76a0c;-webkit-box-decoration-break:clone;box-decoration-break:clone;padding-top:0px;padding-right:0px;padding-bottom:0px;padding-left:0px;}.wp-block-kadence-advancedheading.kt-adv-heading1261_4ddb41-be img.kb-inline-image, .wp-block-kadence-advancedheading.kt-adv-heading1261_4ddb41-be[data-kb-block=\"kb-adv-heading1261_4ddb41-be\"] img.kb-inline-image{width:150px;vertical-align:baseline;}@media all and (max-width: 1024px){.wp-block-kadence-advancedheading.kt-adv-heading1261_4ddb41-be, .wp-block-kadence-advancedheading.kt-adv-heading1261_4ddb41-be[data-kb-block=\"kb-adv-heading1261_4ddb41-be\"]{font-size:var(--global-kb-font-size-xl, 3rem);text-align:center!important;}}@media all and (max-width: 767px){.wp-block-kadence-advancedheading.kt-adv-heading1261_4ddb41-be, .wp-block-kadence-advancedheading.kt-adv-heading1261_4ddb41-be[data-kb-block=\"kb-adv-heading1261_4ddb41-be\"]{max-width:100%;font-size:var(--global-kb-font-size-xxl, 4rem);}}<\/style>\n<p class=\"kt-adv-heading1261_4ddb41-be wp-block-kadence-advancedheading\" data-kb-block=\"kb-adv-heading1261_4ddb41-be\">Mes nereikalaujame ankstesn\u0117s darbo patirties!<\/p>\n\n\n<style>.wp-block-kadence-advancedbtn.kb-btns1261_249ac8-8e{gap:var(--global-kb-gap-md, 2rem);justify-content:flex-start;align-items:center;}.kt-btns1261_249ac8-8e .kt-button{font-weight:normal;font-style:normal;}@media all and (max-width: 1024px){.wp-block-kadence-advancedbtn.kb-btns1261_249ac8-8e{flex-direction:row;justify-content:center;align-items:center;}}@media all and (max-width: 767px){.wp-block-kadence-advancedbtn.kb-btns1261_249ac8-8e{flex-direction:column;align-items:center;justify-content:center;}}<\/style>\n<div class=\"wp-block-kadence-advancedbtn kb-buttons-wrap kb-btns1261_249ac8-8e\"><style>.wp-block-kadence-advancedbtn .kb-btn1261_bc8854-c8.kb-button, ul.menu .wp-block-kadence-advancedbtn .kb-btn1261_bc8854-c8.kb-button{width:325px;}.wp-block-kadence-advancedbtn .kb-btn1261_bc8854-c8.kb-button{color:#ffffff;background:#211b47;font-size:20px;font-family:Poppins;font-weight:500;border-top-left-radius:50px;border-top-right-radius:50px;border-bottom-right-radius:50px;border-bottom-left-radius:50px;}.wp-block-kadence-advancedbtn .kb-btn1261_bc8854-c8.kb-button:hover, .wp-block-kadence-advancedbtn .kb-btn1261_bc8854-c8.kb-button:focus{border-top:0px solid #ffffff;border-right:0px solid #ffffff;border-bottom:0px solid #ffffff;border-left:0px solid #ffffff;}@media all and (max-width: 1024px){.wp-block-kadence-advancedbtn .kb-btn1261_bc8854-c8.kb-button, ul.menu .wp-block-kadence-advancedbtn .kb-btn1261_bc8854-c8.kb-button{width:340px;}}@media all and (max-width: 1024px){.wp-block-kadence-advancedbtn .kb-btn1261_bc8854-c8.kb-button:hover, .wp-block-kadence-advancedbtn .kb-btn1261_bc8854-c8.kb-button:focus{border-top:0px solid #ffffff;border-right:0px solid #ffffff;border-bottom:0px solid #ffffff;border-left:0px solid #ffffff;}}@media all and (max-width: 767px){.wp-block-kadence-advancedbtn .kb-btn1261_bc8854-c8.kb-button, ul.menu .wp-block-kadence-advancedbtn .kb-btn1261_bc8854-c8.kb-button{width:310px;}.wp-block-kadence-advancedbtn .kb-btn1261_bc8854-c8.kb-button{padding-top:var(--global-kb-spacing-sm, 1.5rem);padding-right:var(--global-kb-spacing-md, 2rem);padding-bottom:var(--global-kb-spacing-sm, 1.5rem);padding-left:var(--global-kb-spacing-md, 2rem);}.wp-block-kadence-advancedbtn .kb-btn1261_bc8854-c8.kb-button:hover, .wp-block-kadence-advancedbtn .kb-btn1261_bc8854-c8.kb-button:focus{border-top:0px solid #ffffff;border-right:0px solid #ffffff;border-bottom:0px solid #ffffff;border-left:0px solid #ffffff;}}<\/style><a class=\"kb-button kt-button button kb-btn1261_bc8854-c8 kt-btn-size-xlarge kt-btn-width-type-fixed kb-btn-global-inherit  kt-btn-has-text-true kt-btn-has-svg-false  wp-block-button__link wp-block-kadence-singlebtn\" href=\"https:\/\/careers.evolution.com\/lithuania\/lt\/kaunas-lt\/\"><span class=\"kt-btn-inner-text\">APLIKUOK <strong>KAUNE<\/strong><\/span><\/a><\/div>\n<\/div><\/div>\n\n\n<style>.kadence-column1261_4d462d-88 > .kt-inside-inner-col,.kadence-column1261_4d462d-88 > .kt-inside-inner-col:before{border-top-left-radius:0px;border-top-right-radius:0px;border-bottom-right-radius:0px;border-bottom-left-radius:0px;}.kadence-column1261_4d462d-88 > .kt-inside-inner-col{column-gap:var(--global-kb-gap-sm, 1rem);}.kadence-column1261_4d462d-88 > .kt-inside-inner-col{flex-direction:column;}.kadence-column1261_4d462d-88 > .kt-inside-inner-col > .aligncenter{width:100%;}.kadence-column1261_4d462d-88 > .kt-inside-inner-col:before{opacity:0.3;}.kadence-column1261_4d462d-88{position:relative;}@media all and (max-width: 1024px){.kadence-column1261_4d462d-88 > .kt-inside-inner-col{flex-direction:column;justify-content:center;}}@media all and (max-width: 767px){.kadence-column1261_4d462d-88 > .kt-inside-inner-col{flex-direction:column;justify-content:center;}}<\/style>\n<div class=\"wp-block-kadence-column kadence-column1261_4d462d-88\"><div class=\"kt-inside-inner-col\"><\/div><\/div>\n\n<\/div><\/div><\/div><\/div>\n\n<\/div><\/div>\n\n<style>.wp-block-kadence-advancedheading.kt-adv-heading1261_11c068-eb, .wp-block-kadence-advancedheading.kt-adv-heading1261_11c068-eb[data-kb-block=\"kb-adv-heading1261_11c068-eb\"]{text-align:center;font-style:normal;}.wp-block-kadence-advancedheading.kt-adv-heading1261_11c068-eb mark.kt-highlight, .wp-block-kadence-advancedheading.kt-adv-heading1261_11c068-eb[data-kb-block=\"kb-adv-heading1261_11c068-eb\"] mark.kt-highlight{font-style:normal;color:#f76a0c;-webkit-box-decoration-break:clone;box-decoration-break:clone;padding-top:0px;padding-right:0px;padding-bottom:0px;padding-left:0px;}.wp-block-kadence-advancedheading.kt-adv-heading1261_11c068-eb img.kb-inline-image, .wp-block-kadence-advancedheading.kt-adv-heading1261_11c068-eb[data-kb-block=\"kb-adv-heading1261_11c068-eb\"] img.kb-inline-image{width:150px;vertical-align:baseline;}<\/style>\n<h1 class=\"kt-adv-heading1261_11c068-eb wp-block-kadence-advancedheading\" data-kb-block=\"kb-adv-heading1261_11c068-eb\"><strong>Daugiau apie<br>Evolution Lithuania<\/strong><\/h1>\n\n\n\n<div class=\"wp-block-group is-layout-constrained wp-block-group-is-layout-constrained\">\n<div class=\"wp-block-group is-layout-constrained wp-block-group-is-layout-constrained\">\n<div class=\"wp-block-columns is-layout-flex wp-block-columns-is-layout-flex\">\n<div class=\"wp-block-column is-layout-flow wp-block-column-is-layout-flow\" style=\"flex-basis:100%\"><div class=\"youtube-embed-block is-layout-constrained\" >\n    <div class=\"embed-block-wrapper\" style=\"position: relative; overflow: hidden;\">\n        <div class=\"embed-video-thumb\">\n            <img decoding=\"async\" loading=\"lazy\" src=\"https:\/\/i.ytimg.com\/vi\/UINaXqZ8q2Q\/default.jpg\" srcset=\"https:\/\/i.ytimg.com\/vi\/UINaXqZ8q2Q\/default.jpg 240w,https:\/\/i.ytimg.com\/vi\/UINaXqZ8q2Q\/mqdefault.jpg 480w, https:\/\/i.ytimg.com\/vi\/UINaXqZ8q2Q\/hqdefault.jpg 640w, https:\/\/i.ytimg.com\/vi\/UINaXqZ8q2Q\/sddefault.jpg 900w, https:\/\/i.ytimg.com\/vi\/UINaXqZ8q2Q\/maxresdefault.jpg 1280w\" sizes=\"(max-width: 240px) 100vw, (max-width: 480px) 100vw, (max-width: 640px) 100vw, (max-width: 900px) 100vw, 1280px\" alt=\"\">            <div class=\"icon\"><\/div>\n        <\/div>\n        <div class=\"videoWrapper\"\n             data-embed=\"https:\/\/www.youtube.com\/embed\/UINaXqZ8q2Q?autoplay=1\">\n            <iframe loading=\"lazy\" width=\"560\" height=\"315\" src=\"\"\n                    allow=\"accelerometer; autoplay; clipboard-write; encrypted-media; gyroscope; picture-in-picture; web-share\"\n                    title=\"YouTube video\"\n                    allowfullscreen><\/iframe>\n        <\/div>\n    <\/div>\n<\/div><\/div>\n<\/div>\n<\/div>\n<\/div>\n\n\n<style>.wp-block-kadence-advancedheading.kt-adv-heading1261_bcf5e0-ca, .wp-block-kadence-advancedheading.kt-adv-heading1261_bcf5e0-ca[data-kb-block=\"kb-adv-heading1261_bcf5e0-ca\"]{padding-top:var(--global-kb-spacing-xl, 4rem);text-align:center;font-style:normal;}.wp-block-kadence-advancedheading.kt-adv-heading1261_bcf5e0-ca mark.kt-highlight, .wp-block-kadence-advancedheading.kt-adv-heading1261_bcf5e0-ca[data-kb-block=\"kb-adv-heading1261_bcf5e0-ca\"] mark.kt-highlight{font-style:normal;color:#f76a0c;-webkit-box-decoration-break:clone;box-decoration-break:clone;padding-top:0px;padding-right:0px;padding-bottom:0px;padding-left:0px;}.wp-block-kadence-advancedheading.kt-adv-heading1261_bcf5e0-ca img.kb-inline-image, .wp-block-kadence-advancedheading.kt-adv-heading1261_bcf5e0-ca[data-kb-block=\"kb-adv-heading1261_bcf5e0-ca\"] img.kb-inline-image{width:150px;vertical-align:baseline;}<\/style>\n<h2 class=\"kt-adv-heading1261_bcf5e0-ca wp-block-kadence-advancedheading\" data-kb-block=\"kb-adv-heading1261_bcf5e0-ca\"><strong>ESAME TARPTAUTIN\u0116 \u012eMON\u0116<\/strong><\/h2>\n\n\n<style>.wp-block-kadence-advancedheading.kt-adv-heading1261_d65f70-78, .wp-block-kadence-advancedheading.kt-adv-heading1261_d65f70-78[data-kb-block=\"kb-adv-heading1261_d65f70-78\"]{margin-bottom:var(--global-kb-spacing-sm, 1.5rem);text-align:center;font-size:18px;font-style:normal;}.wp-block-kadence-advancedheading.kt-adv-heading1261_d65f70-78 mark.kt-highlight, .wp-block-kadence-advancedheading.kt-adv-heading1261_d65f70-78[data-kb-block=\"kb-adv-heading1261_d65f70-78\"] mark.kt-highlight{font-style:normal;color:#f76a0c;-webkit-box-decoration-break:clone;box-decoration-break:clone;padding-top:0px;padding-right:0px;padding-bottom:0px;padding-left:0px;}.wp-block-kadence-advancedheading.kt-adv-heading1261_d65f70-78 img.kb-inline-image, .wp-block-kadence-advancedheading.kt-adv-heading1261_d65f70-78[data-kb-block=\"kb-adv-heading1261_d65f70-78\"] img.kb-inline-image{width:150px;vertical-align:baseline;}<\/style>\n<h2 class=\"kt-adv-heading1261_d65f70-78 wp-block-kadence-advancedheading\" data-kb-block=\"kb-adv-heading1261_d65f70-78\">\u201eEvolution\u201c veikia daugiau nei i\u0161 45 viet\u0173 visame pasaulyje.<\/h2>\n\n\n\n<figure class=\"wp-block-image aligncenter size-full\"><img loading=\"lazy\" decoding=\"async\" width=\"1600\" height=\"800\" src=\"https:\/\/careers.evolution.com\/wp-content\/uploads\/2024\/07\/GLB-EVOspace-map-2024-1600x800-1.png\" alt=\"\" class=\"wp-image-1939\" srcset=\"https:\/\/careers.evolution.com\/lithuania\/wp-content\/uploads\/2024\/07\/GLB-EVOspace-map-2024-1600x800-1.png 1600w, https:\/\/careers.evolution.com\/lithuania\/wp-content\/uploads\/2024\/07\/GLB-EVOspace-map-2024-1600x800-1-300x150.png 300w, https:\/\/careers.evolution.com\/lithuania\/wp-content\/uploads\/2024\/07\/GLB-EVOspace-map-2024-1600x800-1-1024x512.png 1024w, https:\/\/careers.evolution.com\/lithuania\/wp-content\/uploads\/2024\/07\/GLB-EVOspace-map-2024-1600x800-1-768x384.png 768w, https:\/\/careers.evolution.com\/lithuania\/wp-content\/uploads\/2024\/07\/GLB-EVOspace-map-2024-1600x800-1-1536x768.png 1536w, https:\/\/careers.evolution.com\/lithuania\/wp-content\/uploads\/2024\/07\/GLB-EVOspace-map-2024-1600x800-1-540x270.png 540w, https:\/\/careers.evolution.com\/lithuania\/wp-content\/uploads\/2024\/07\/GLB-EVOspace-map-2024-1600x800-1-420x210.png 420w\" sizes=\"auto, (max-width: 1600px) 100vw, 1600px\"><\/figure>\n","protected":false},"excerpt":{"rendered":"<p>PRISIJUNK PRIEEVOLUTIONKOMANDOS LIETUVOJE Mes nereikalaujame ankstesn\u0117s darbo patirties! Daugiau apieEvolution Lithuania ESAME TARPTAUTIN\u0116 \u012eMON\u0116 \u201eEvolution\u201c veikia daugiau nei i\u0161 45 viet\u0173 visame pasaulyje.<\/p>\n","protected":false},"author":2,"featured_media":0,"parent":0,"menu_order":0,"comment_status":"closed","ping_status":"closed","template":"","meta":{"_acf_changed":false,"footnotes":""},"class_list":["post-1261","page","type-page","status-publish","hentry"],"acf":[],"_links":{"self":[{"href":"https:\/\/careers.evolution.com\/lithuania\/lt\/wp-json\/wp\/v2\/pages\/1261","targetHints":{"allow":["GET"]}}],"collection":[{"href":"https:\/\/careers.evolution.com\/lithuania\/lt\/wp-json\/wp\/v2\/pages"}],"about":[{"href":"https:\/\/careers.evolution.com\/lithuania\/lt\/wp-json\/wp\/v2\/types\/page"}],"author":[{"embeddable":true,"href":"https:\/\/careers.evolution.com\/lithuania\/lt\/wp-json\/wp\/v2\/users\/2"}],"replies":[{"embeddable":true,"href":"https:\/\/careers.evolution.com\/lithuania\/lt\/wp-json\/wp\/v2\/comments?post=1261"}],"version-history":[{"count":12,"href":"https:\/\/careers.evolution.com\/lithuania\/lt\/wp-json\/wp\/v2\/pages\/1261\/revisions"}],"predecessor-version":[{"id":1402,"href":"https:\/\/careers.evolution.com\/lithuania\/lt\/wp-json\/wp\/v2\/pages\/1261\/revisions\/1402"}],"wp:attachment":[{"href":"https:\/\/careers.evolution.com\/lithuania\/lt\/wp-json\/wp\/v2\/media?parent=1261"}],"curies":[{"name":"wp","href":"https:\/\/api.w.org\/{rel}","templated":true}]}}