{"id":335,"date":"2023-10-31T13:46:43","date_gmt":"2023-10-31T13:46:43","guid":{"rendered":"https:\/\/careers.evolution.com\/latvia\/?page_id=335"},"modified":"2026-03-06T07:37:21","modified_gmt":"2026-03-06T07:37:21","slug":"apply-form-lv-gp-lv","status":"publish","type":"page","link":"https:\/\/careers.evolution.com\/latvia\/lv\/apply-form-lv-gp-lv\/","title":{"rendered":"Apply form LV GP &#8211; lv"},"content":{"rendered":"\n        <div class=\"error-message\">\n            <div class=\"error-message-title\">Poz\u012bcija vairs nav pieejama<\/div><div class=\"error-message-text\">M\u0113s nov\u0113rt\u0113jam j\u016bsu interesi par \u0161o poz\u012bciju. Diem\u017e\u0113l poz\u012bcija, uz kuru j\u016bs m\u0113\u0123in\u0101t pieteikties, ir beigusies un vairs nav pieejama.<\/div><div class=\"error-message-buttons btn-row\"><a href=\"https:\/\/careers.evolution.com\/all-vacancies\/\" class=\"btn btn-primary\" >Visas vakances<\/a><\/div>        <\/div>\n    \n","protected":false},"excerpt":{"rendered":"","protected":false},"author":2,"featured_media":0,"parent":0,"menu_order":0,"comment_status":"closed","ping_status":"closed","template":"template\/apply-page.php","meta":{"_acf_changed":false,"_kb_optimizer_status":1,"footnotes":""},"class_list":["post-335","page","type-page","status-publish","hentry"],"acf":[],"_links":{"self":[{"href":"https:\/\/careers.evolution.com\/latvia\/lv\/wp-json\/wp\/v2\/pages\/335","targetHints":{"allow":["GET"]}}],"collection":[{"href":"https:\/\/careers.evolution.com\/latvia\/lv\/wp-json\/wp\/v2\/pages"}],"about":[{"href":"https:\/\/careers.evolution.com\/latvia\/lv\/wp-json\/wp\/v2\/types\/page"}],"author":[{"embeddable":true,"href":"https:\/\/careers.evolution.com\/latvia\/lv\/wp-json\/wp\/v2\/users\/2"}],"replies":[{"embeddable":true,"href":"https:\/\/careers.evolution.com\/latvia\/lv\/wp-json\/wp\/v2\/comments?post=335"}],"version-history":[{"count":16,"href":"https:\/\/careers.evolution.com\/latvia\/lv\/wp-json\/wp\/v2\/pages\/335\/revisions"}],"predecessor-version":[{"id":1758,"href":"https:\/\/careers.evolution.com\/latvia\/lv\/wp-json\/wp\/v2\/pages\/335\/revisions\/1758"}],"wp:attachment":[{"href":"https:\/\/careers.evolution.com\/latvia\/lv\/wp-json\/wp\/v2\/media?parent=335"}],"curies":[{"name":"wp","href":"https:\/\/api.w.org\/{rel}","templated":true}]}}