{"id":352,"date":"2024-11-20T09:50:00","date_gmt":"2024-11-20T09:50:00","guid":{"rendered":"https:\/\/careers.evolution.com\/czechia\/?page_id=352"},"modified":"2026-02-11T09:14:54","modified_gmt":"2026-02-11T09:14:54","slug":"apply-form","status":"publish","type":"page","link":"https:\/\/careers.evolution.com\/czechia\/apply-form\/","title":{"rendered":"Za\u010dni bez zku\u0161enost\u00ed"},"content":{"rendered":"\n<div class=\"wp-block-group is-layout-grid wp-block-group-is-layout-grid\"><\/div>\n\n\n\n<p><br><\/p>\n\n\n<div class=\"youtube-embed-block is-layout-constrained\" >\n    <div class=\"embed-block-wrapper\" style=\"position: relative; overflow: hidden;\">\n        <div class=\"embed-video-thumb\">\n            <img decoding=\"async\" width=\"1024\" height=\"569\" src=\"https:\/\/careers.evolution.com\/czechia\/wp-content\/uploads\/2024\/12\/thumb-1024x569.jpg\" class=\"attachment-large size-large\" alt=\"\" loading=\"lazy\" srcset=\"https:\/\/careers.evolution.com\/czechia\/wp-content\/uploads\/2024\/12\/thumb-1024x569.jpg 1024w, https:\/\/careers.evolution.com\/czechia\/wp-content\/uploads\/2024\/12\/thumb-300x167.jpg 300w, https:\/\/careers.evolution.com\/czechia\/wp-content\/uploads\/2024\/12\/thumb-768x427.jpg 768w, https:\/\/careers.evolution.com\/czechia\/wp-content\/uploads\/2024\/12\/thumb-1536x854.jpg 1536w, https:\/\/careers.evolution.com\/czechia\/wp-content\/uploads\/2024\/12\/thumb-2048x1139.jpg 2048w, https:\/\/careers.evolution.com\/czechia\/wp-content\/uploads\/2024\/12\/thumb-540x300.jpg 540w, https:\/\/careers.evolution.com\/czechia\/wp-content\/uploads\/2024\/12\/thumb-420x234.jpg 420w\" sizes=\"auto, (max-width: 1024px) 100vw, 1024px\">            <div class=\"icon\"><\/div>\n        <\/div>\n        <div class=\"videoWrapper\"\n             data-embed=\"https:\/\/www.youtube.com\/embed\/GTINp9IGuTE?autoplay=1\">\n            <iframe loading=\"lazy\" width=\"560\" height=\"315\" src=\"\"\n                    allow=\"accelerometer; autoplay; clipboard-write; encrypted-media; gyroscope; picture-in-picture; web-share\"\n                    title=\"YouTube video\"\n                    allowfullscreen><\/iframe>\n        <\/div>\n    <\/div>\n<\/div>\n\n\n        <div class=\"error-message\">\n            <div class=\"error-message-title\">Position No Longer Available<\/div><div class=\"error-message-text\">We appreciate your interest in this position. Regrettably, the position you are trying to apply for has expired and is no longer open.<\/div><div class=\"error-message-buttons btn-row\"><a href=\"https:\/\/careers.evolution.com\/all-vacancies\/\" class=\"btn btn-primary\" >All vacancies<\/a><\/div>        <\/div>\n    \n\n\n<style>.kb-gallery-id-352_49ce9c-b5.kb-gallery-ul.kb-gallery-type-fluidcarousel .kt-blocks-carousel figure .kb-gal-image-radius, .kb-gallery-id-352_49ce9c-b5.kb-gallery-ul.kb-gallery-type-fluidcarousel .kt-blocks-carousel figure .kb-gal-image-radius img{height:300px;}.kb-gallery-id-352_49ce9c-b5 .kadence-blocks-gallery-item .kb-gal-image-radius, .kb-gallery-id-352_49ce9c-b5 .kb-slide-item .kb-gal-image-radius img{border-radius:0px 0px 0px 0px;;}.kb-gallery-wrap-id-352_49ce9c-b5.wp-block-kadence-advancedgallery{overflow:visible;}.kb-gallery-wrap-id-352_49ce9c-b5.wp-block-kadence-advancedgallery .kt-blocks-carousel{overflow:visible;max-width:100%;}<\/style>\n\n\n<p><\/p>\n","protected":false},"excerpt":{"rendered":"","protected":false},"author":33,"featured_media":0,"parent":0,"menu_order":0,"comment_status":"closed","ping_status":"closed","template":"template\/apply-page.php","meta":{"_acf_changed":false,"footnotes":""},"class_list":["post-352","page","type-page","status-publish","hentry"],"acf":[],"_links":{"self":[{"href":"https:\/\/careers.evolution.com\/czechia\/wp-json\/wp\/v2\/pages\/352","targetHints":{"allow":["GET"]}}],"collection":[{"href":"https:\/\/careers.evolution.com\/czechia\/wp-json\/wp\/v2\/pages"}],"about":[{"href":"https:\/\/careers.evolution.com\/czechia\/wp-json\/wp\/v2\/types\/page"}],"author":[{"embeddable":true,"href":"https:\/\/careers.evolution.com\/czechia\/wp-json\/wp\/v2\/users\/33"}],"replies":[{"embeddable":true,"href":"https:\/\/careers.evolution.com\/czechia\/wp-json\/wp\/v2\/comments?post=352"}],"version-history":[{"count":29,"href":"https:\/\/careers.evolution.com\/czechia\/wp-json\/wp\/v2\/pages\/352\/revisions"}],"predecessor-version":[{"id":886,"href":"https:\/\/careers.evolution.com\/czechia\/wp-json\/wp\/v2\/pages\/352\/revisions\/886"}],"wp:attachment":[{"href":"https:\/\/careers.evolution.com\/czechia\/wp-json\/wp\/v2\/media?parent=352"}],"curies":[{"name":"wp","href":"https:\/\/api.w.org\/{rel}","templated":true}]}}