{"id":542,"date":"2024-02-29T09:31:07","date_gmt":"2024-02-29T09:31:07","guid":{"rendered":"https:\/\/careers.evolution.com\/bulgaria\/?page_id=542"},"modified":"2026-01-19T11:27:54","modified_gmt":"2026-01-19T11:27:54","slug":"gp-apply-form","status":"publish","type":"page","link":"https:\/\/careers.evolution.com\/bulgaria\/tr\/gp-apply-form\/","title":{"rendered":"Turkish speaking GP Apply form TR"},"content":{"rendered":"<div class=\"youtube-embed-block is-layout-constrained\" >\n    <div class=\"embed-block-wrapper\" style=\"position: relative; overflow: hidden;\">\n        <div class=\"embed-video-thumb\">\n            <img decoding=\"async\" loading=\"lazy\" src=\"https:\/\/i.ytimg.com\/vi\/jHgmlzwcFXg\/default.jpg\" srcset=\"https:\/\/i.ytimg.com\/vi\/jHgmlzwcFXg\/default.jpg 240w,https:\/\/i.ytimg.com\/vi\/jHgmlzwcFXg\/mqdefault.jpg 480w, https:\/\/i.ytimg.com\/vi\/jHgmlzwcFXg\/hqdefault.jpg 640w, https:\/\/i.ytimg.com\/vi\/jHgmlzwcFXg\/sddefault.jpg 900w, https:\/\/i.ytimg.com\/vi\/jHgmlzwcFXg\/maxresdefault.jpg 1280w\" sizes=\"(max-width: 240px) 100vw, (max-width: 480px) 100vw, (max-width: 640px) 100vw, (max-width: 900px) 100vw, 1280px\" alt=\"\">            <div class=\"icon\"><\/div>\n        <\/div>\n        <div class=\"videoWrapper\"\n             data-embed=\"https:\/\/www.youtube.com\/embed\/jHgmlzwcFXg?autoplay=1\">\n            <iframe loading=\"lazy\" width=\"560\" height=\"315\" src=\"\"\n                    allow=\"accelerometer; autoplay; clipboard-write; encrypted-media; gyroscope; picture-in-picture; web-share\"\n                    title=\"YouTube video\"\n                    allowfullscreen><\/iframe>\n        <\/div>\n    <\/div>\n<\/div>\n\n\n        <div class=\"error-message\">\n            <div class=\"error-message-title\">Pozisyon Art\u0131k Mevcut De\u011fil<\/div><div class=\"error-message-text\">Bu pozisyona olan ilginiz i\u00e7in te\u015fekk\u00fcr ederiz. Ne yaz\u0131k ki, ba\u015fvurdu\u011funuz pozisyonun s\u00fcresi dolmu\u015f ve art\u0131k a\u00e7\u0131k de\u011fildir.<\/div><div class=\"error-message-buttons btn-row\"><a href=\"https:\/\/careers.evolution.com\/all-vacancies\/\" class=\"btn btn-primary\" >T\u00fcm a\u00e7\u0131k pozisyonlar<\/a><\/div>        <\/div>\n    \n","protected":false},"excerpt":{"rendered":"","protected":false},"author":2,"featured_media":0,"parent":0,"menu_order":0,"comment_status":"closed","ping_status":"closed","template":"template\/apply-page.php","meta":{"_acf_changed":false,"footnotes":""},"class_list":["post-542","page","type-page","status-publish","hentry"],"acf":[],"_links":{"self":[{"href":"https:\/\/careers.evolution.com\/bulgaria\/tr\/wp-json\/wp\/v2\/pages\/542","targetHints":{"allow":["GET"]}}],"collection":[{"href":"https:\/\/careers.evolution.com\/bulgaria\/tr\/wp-json\/wp\/v2\/pages"}],"about":[{"href":"https:\/\/careers.evolution.com\/bulgaria\/tr\/wp-json\/wp\/v2\/types\/page"}],"author":[{"embeddable":true,"href":"https:\/\/careers.evolution.com\/bulgaria\/tr\/wp-json\/wp\/v2\/users\/2"}],"replies":[{"embeddable":true,"href":"https:\/\/careers.evolution.com\/bulgaria\/tr\/wp-json\/wp\/v2\/comments?post=542"}],"version-history":[{"count":16,"href":"https:\/\/careers.evolution.com\/bulgaria\/tr\/wp-json\/wp\/v2\/pages\/542\/revisions"}],"predecessor-version":[{"id":954,"href":"https:\/\/careers.evolution.com\/bulgaria\/tr\/wp-json\/wp\/v2\/pages\/542\/revisions\/954"}],"wp:attachment":[{"href":"https:\/\/careers.evolution.com\/bulgaria\/tr\/wp-json\/wp\/v2\/media?parent=542"}],"curies":[{"name":"wp","href":"https:\/\/api.w.org\/{rel}","templated":true}]}}